{"id":144,"date":"2023-06-11T21:39:00","date_gmt":"2023-06-11T19:39:00","guid":{"rendered":"http:\/\/feldbahn-riedlhuette.de\/fwr\/?page_id=144"},"modified":"2025-04-28T22:16:26","modified_gmt":"2025-04-28T20:16:26","slug":"jung-el-110","status":"publish","type":"page","link":"http:\/\/feldbahn-riedlhuette.de\/fwr\/jung-el-110\/","title":{"rendered":"Jung EL 110"},"content":{"rendered":"\n<p><strong>Lok Nr. 1 ist betriebsbereit.<\/strong><\/p>\n\n\n<style>.wp-block-kadence-advancedgallery .kb-gallery-type-masonry.kb-gallery-id-144_450b0c-70{margin:-5px;}.kb-gallery-type-masonry.kb-gallery-id-144_450b0c-70 .kadence-blocks-gallery-item{padding:5px;}.kb-gallery-id-144_450b0c-70 .kadence-blocks-gallery-item .kb-gal-image-radius, .kb-gallery-id-144_450b0c-70 .kb-slide-item .kb-gal-image-radius img{border-radius:0px 0px 0px 0px;;}<\/style><div class=\"kb-gallery-wrap-id-144_450b0c-70 alignnone wp-block-kadence-advancedgallery\"><ul class=\"kb-gallery-ul kb-gallery-non-static kb-gallery-type-masonry kb-masonry-init kb-gallery-id-144_450b0c-70 kb-gallery-caption-style-bottom-hover kb-gallery-filter-none kb-gallery-magnific-init\" data-image-filter=\"none\" data-item-selector=\".kadence-blocks-gallery-item\" data-lightbox-caption=\"false\" data-columns-xxl=\"1\" data-columns-xl=\"1\" data-columns-md=\"1\" data-columns-sm=\"1\" data-columns-xs=\"1\" data-columns-ss=\"1\"><li class=\"kadence-blocks-gallery-item\"><div class=\"kadence-blocks-gallery-item-inner\"><figure class=\"kb-gallery-figure kb-gallery-item-has-link kadence-blocks-gallery-item-hide-caption\"><a href=\"http:\/\/feldbahn-riedlhuette.de\/fwr\/wp-content\/uploads\/loks\/el110\/1_el110.jpg\" class=\"kb-gallery-item-link\"   role=\"button\" aria-haspopup=\"dialog\"><div class=\"kb-gal-image-radius\" style=\"max-width:2000px;\"><div class=\"kb-gallery-image-contain kadence-blocks-gallery-intrinsic\" style=\"padding-bottom:74%;\"><img loading=\"lazy\" decoding=\"async\" src=\"http:\/\/feldbahn-riedlhuette.de\/fwr\/wp-content\/uploads\/loks\/el110\/1_el110.jpg\" width=\"2000\" height=\"1498\" alt=\"\" data-full-image=\"http:\/\/feldbahn-riedlhuette.de\/fwr\/wp-content\/uploads\/loks\/el110\/1_el110.jpg\" data-light-image=\"http:\/\/feldbahn-riedlhuette.de\/fwr\/wp-content\/uploads\/loks\/el110\/1_el110.jpg\" data-id=\"140\" class=\"wp-image-140\" srcset=\"http:\/\/feldbahn-riedlhuette.de\/fwr\/wp-content\/uploads\/loks\/el110\/1_el110.jpg 2000w, http:\/\/feldbahn-riedlhuette.de\/fwr\/wp-content\/uploads\/loks\/el110\/1_el110-300x225.jpg 300w, http:\/\/feldbahn-riedlhuette.de\/fwr\/wp-content\/uploads\/loks\/el110\/1_el110-1024x767.jpg 1024w, http:\/\/feldbahn-riedlhuette.de\/fwr\/wp-content\/uploads\/loks\/el110\/1_el110-768x575.jpg 768w, http:\/\/feldbahn-riedlhuette.de\/fwr\/wp-content\/uploads\/loks\/el110\/1_el110-1536x1150.jpg 1536w\" sizes=\"auto, (max-width: 2000px) 100vw, 2000px\" \/><\/div><\/div><\/a><\/figure><\/div><\/li><\/ul><\/div>\n\n\n<p><\/p>\n\n\n\n<p class=\"has-medium-font-size\"><strong>Technische Daten<\/strong><\/p>\n\n\n\n<table id=\"tablepress-1\" class=\"tablepress tablepress-id-1\">\n<tbody class=\"row-striping row-hover\">\n<tr class=\"row-1\">\n\t<td class=\"column-1\">Hersteller<\/td><td class=\"column-2\">Jung<\/td>\n<\/tr>\n<tr class=\"row-2\">\n\t<td class=\"column-1\">Typ<\/td><td class=\"column-2\">EL 110<\/td>\n<\/tr>\n<tr class=\"row-3\">\n\t<td class=\"column-1\">Fabrik-Nr<\/td><td class=\"column-2\">6761<\/td>\n<\/tr>\n<tr class=\"row-4\">\n\t<td class=\"column-1\">Baujahr<\/td><td class=\"column-2\">1936<\/td>\n<\/tr>\n<tr class=\"row-5\">\n\t<td class=\"column-1\">Gewicht<\/td><td class=\"column-2\">4,00 Tonnen<\/td>\n<\/tr>\n<tr class=\"row-6\">\n\t<td class=\"column-1\">Zugkraft<\/td><td class=\"column-2\">0,775 Tonnen<\/td>\n<\/tr>\n<tr class=\"row-7\">\n\t<td class=\"column-1\">Fahrgeschwindigkeit<\/td><td class=\"column-2\">3 &#8211; 5 &#8211; 8 &#8211; 13 km\/h<\/td>\n<\/tr>\n<tr class=\"row-8\">\n\t<td class=\"column-1\">Bremse<\/td><td class=\"column-2\">Hand \/ mechanisch<\/td>\n<\/tr>\n<tr class=\"row-9\">\n\t<td class=\"column-1\">Antrieb<\/td><td class=\"column-2\">Kette<\/td>\n<\/tr>\n<tr class=\"row-10\">\n\t<td class=\"column-1\">Motor<\/td><td class=\"column-2\">Jung 1-Zylinder 2-Takt Diesel<\/td>\n<\/tr>\n<tr class=\"row-11\">\n\t<td class=\"column-1\">Leistung<\/td><td class=\"column-2\">11\/ 12 PS bei 1000 U\/min<\/td>\n<\/tr>\n<tr class=\"row-12\">\n\t<td class=\"column-1\">Anlasser<\/td><td class=\"column-2\">manuell mit Kurbel<\/td>\n<\/tr>\n<tr class=\"row-13\">\n\t<td class=\"column-1\">Elektrik<\/td><td class=\"column-2\">Keine<\/td>\n<\/tr>\n<\/tbody>\n<\/table>\n<!-- #tablepress-1 from cache -->\n\n\n<p class=\"has-medium-font-size\"><strong>Geschichte<\/strong><\/p>\n\n\n\n<p>30.09.1936 ab Fritz Kirchhoff, M\u00fcnchen<br>Ziegelei Reissl, Neumarkt-St. Veit<br>1988 Feldbahn Fr\u00e4nking (Nr. 4)<br>2003 Feld- und Waldbahn Riedlh\u00fctte<\/p>\n\n\n\n<p>Die Lok wurde in Etappen von 2009-2013 general\u00fcberholt.<\/p>\n\n\n\n<p class=\"has-medium-font-size\"><strong>Eigent\u00fcmer<\/strong><\/p>\n\n\n\n<p>Im Vereinsbesitz<br>zuvor Privatbesitz Clemente Speer<br>zuvor Claus Schmidwenzl<\/p>\n\n\n\n<p class=\"has-medium-font-size\"><strong>Weitere Fotos<\/strong><\/p>\n\n\n<style>.wp-block-kadence-advancedgallery .kb-gallery-type-grid.kb-gallery-id-144_f893aa-bd{margin:-5px;}.kb-gallery-type-grid.kb-gallery-id-144_f893aa-bd .kadence-blocks-gallery-item{padding:5px;}.kb-gallery-id-144_f893aa-bd .kadence-blocks-gallery-item .kb-gal-image-radius, .kb-gallery-id-144_f893aa-bd .kb-slide-item .kb-gal-image-radius img{border-radius:0px 0px 0px 0px;;}.kb-gallery-caption-style-bottom.kb-gallery-id-144_f893aa-bd .kadence-blocks-gallery-item .kadence-blocks-gallery-item-inner .kadence-blocks-gallery-item__caption, .kb-gallery-caption-style-bottom-hover.kb-gallery-id-144_f893aa-bd .kadence-blocks-gallery-item .kadence-blocks-gallery-item-inner .kadence-blocks-gallery-item__caption{background:linear-gradient(0deg, rgba(0, 0, 0, 0.8) 0, rgba(0, 0, 0, 0) 100%);}<\/style><div class=\"kb-gallery-wrap-id-144_f893aa-bd alignnone wp-block-kadence-advancedgallery\"><ul class=\"kb-gallery-ul kb-gallery-non-static kb-gallery-type-grid kb-gallery-id-144_f893aa-bd kb-gallery-caption-style-bottom-hover kb-gallery-filter-none kb-gallery-magnific-init\" data-image-filter=\"none\" data-item-selector=\".kadence-blocks-gallery-item\" data-lightbox-caption=\"true\" data-columns-xxl=\"2\" data-columns-xl=\"2\" data-columns-md=\"2\" data-columns-sm=\"2\" data-columns-xs=\"1\" data-columns-ss=\"1\"><li class=\"kadence-blocks-gallery-item\"><div class=\"kadence-blocks-gallery-item-inner\"><figure class=\"kb-gallery-figure kb-gallery-item-has-link kadence-blocks-gallery-item-has-caption\"><a href=\"http:\/\/feldbahn-riedlhuette.de\/fwr\/wp-content\/uploads\/loks\/el110\/2_lieferzustand.jpeg\" data-description=\"Die Lok im Lieferzustand\" class=\"kb-gallery-item-link\"   role=\"button\" aria-haspopup=\"dialog\"><div class=\"kb-gal-image-radius\"><div class=\"kb-gallery-image-contain kadence-blocks-gallery-intrinsic kb-gallery-image-ratio-land32 kb-has-image-ratio-land32\" ><img loading=\"lazy\" decoding=\"async\" src=\"http:\/\/feldbahn-riedlhuette.de\/fwr\/wp-content\/uploads\/loks\/el110\/2_lieferzustand.jpeg\" width=\"700\" height=\"466\" alt=\"\" data-full-image=\"http:\/\/feldbahn-riedlhuette.de\/fwr\/wp-content\/uploads\/loks\/el110\/2_lieferzustand.jpeg\" data-light-image=\"http:\/\/feldbahn-riedlhuette.de\/fwr\/wp-content\/uploads\/loks\/el110\/2_lieferzustand.jpeg\" data-id=\"236\" class=\"wp-image-236\" srcset=\"http:\/\/feldbahn-riedlhuette.de\/fwr\/wp-content\/uploads\/loks\/el110\/2_lieferzustand.jpeg 700w, http:\/\/feldbahn-riedlhuette.de\/fwr\/wp-content\/uploads\/loks\/el110\/2_lieferzustand-300x200.jpeg 300w\" sizes=\"auto, (max-width: 700px) 100vw, 700px\" \/><\/div><div class=\"kadence-blocks-gallery-item__caption\">Die Lok im Lieferzustand<\/div><\/div><\/a><\/figure><\/div><\/li><li class=\"kadence-blocks-gallery-item\"><div class=\"kadence-blocks-gallery-item-inner\"><figure class=\"kb-gallery-figure kb-gallery-item-has-link kadence-blocks-gallery-item-has-caption\"><a href=\"http:\/\/feldbahn-riedlhuette.de\/fwr\/wp-content\/uploads\/loks\/el110\/3_fraenking1.jpg\" data-description=\"Damals noch mit selbstgebautem F\u00fchrerhaus\" class=\"kb-gallery-item-link\"   role=\"button\" aria-haspopup=\"dialog\"><div class=\"kb-gal-image-radius\"><div class=\"kb-gallery-image-contain kadence-blocks-gallery-intrinsic kb-gallery-image-ratio-land32 kb-has-image-ratio-land32\" ><img loading=\"lazy\" decoding=\"async\" src=\"http:\/\/feldbahn-riedlhuette.de\/fwr\/wp-content\/uploads\/loks\/el110\/3_fraenking1.jpg\" width=\"700\" height=\"533\" alt=\"\" data-full-image=\"http:\/\/feldbahn-riedlhuette.de\/fwr\/wp-content\/uploads\/loks\/el110\/3_fraenking1.jpg\" data-light-image=\"http:\/\/feldbahn-riedlhuette.de\/fwr\/wp-content\/uploads\/loks\/el110\/3_fraenking1.jpg\" data-id=\"237\" class=\"wp-image-237\" srcset=\"http:\/\/feldbahn-riedlhuette.de\/fwr\/wp-content\/uploads\/loks\/el110\/3_fraenking1.jpg 700w, http:\/\/feldbahn-riedlhuette.de\/fwr\/wp-content\/uploads\/loks\/el110\/3_fraenking1-300x228.jpg 300w\" sizes=\"auto, (max-width: 700px) 100vw, 700px\" \/><\/div><div class=\"kadence-blocks-gallery-item__caption\">Damals noch mit selbstgebautem F\u00fchrerhaus<\/div><\/div><\/a><\/figure><\/div><\/li><li class=\"kadence-blocks-gallery-item\"><div class=\"kadence-blocks-gallery-item-inner\"><figure class=\"kb-gallery-figure kb-gallery-item-has-link kadence-blocks-gallery-item-has-caption\"><a href=\"http:\/\/feldbahn-riedlhuette.de\/fwr\/wp-content\/uploads\/loks\/el110\/5_deutsches-museum.jpg\" data-description=\"In Betrieb beim Deutschen Museum\" class=\"kb-gallery-item-link\"   role=\"button\" aria-haspopup=\"dialog\"><div class=\"kb-gal-image-radius\"><div class=\"kb-gallery-image-contain kadence-blocks-gallery-intrinsic kb-gallery-image-ratio-land32 kb-has-image-ratio-land32\" ><img loading=\"lazy\" decoding=\"async\" src=\"http:\/\/feldbahn-riedlhuette.de\/fwr\/wp-content\/uploads\/loks\/el110\/5_deutsches-museum.jpg\" width=\"700\" height=\"545\" alt=\"\" data-full-image=\"http:\/\/feldbahn-riedlhuette.de\/fwr\/wp-content\/uploads\/loks\/el110\/5_deutsches-museum.jpg\" data-light-image=\"http:\/\/feldbahn-riedlhuette.de\/fwr\/wp-content\/uploads\/loks\/el110\/5_deutsches-museum.jpg\" data-id=\"239\" class=\"wp-image-239\" srcset=\"http:\/\/feldbahn-riedlhuette.de\/fwr\/wp-content\/uploads\/loks\/el110\/5_deutsches-museum.jpg 700w, http:\/\/feldbahn-riedlhuette.de\/fwr\/wp-content\/uploads\/loks\/el110\/5_deutsches-museum-300x234.jpg 300w\" sizes=\"auto, (max-width: 700px) 100vw, 700px\" \/><\/div><div class=\"kadence-blocks-gallery-item__caption\">In Betrieb beim Deutschen Museum<\/div><\/div><\/a><\/figure><\/div><\/li><li class=\"kadence-blocks-gallery-item\"><div class=\"kadence-blocks-gallery-item-inner\"><figure class=\"kb-gallery-figure kb-gallery-item-has-link kadence-blocks-gallery-item-has-caption\"><a href=\"http:\/\/feldbahn-riedlhuette.de\/fwr\/wp-content\/uploads\/loks\/el110\/symbolfoto_personenzug.jpg\" data-description=\"Personenzug mit EL 110\" class=\"kb-gallery-item-link\"   role=\"button\" aria-haspopup=\"dialog\"><div class=\"kb-gal-image-radius\"><div class=\"kb-gallery-image-contain kadence-blocks-gallery-intrinsic kb-gallery-image-ratio-land32 kb-has-image-ratio-land32\" ><img loading=\"lazy\" decoding=\"async\" src=\"http:\/\/feldbahn-riedlhuette.de\/fwr\/wp-content\/uploads\/loks\/el110\/symbolfoto_personenzug-1024x680.jpg\" width=\"1024\" height=\"680\" alt=\"\" data-full-image=\"http:\/\/feldbahn-riedlhuette.de\/fwr\/wp-content\/uploads\/loks\/el110\/symbolfoto_personenzug.jpg\" data-light-image=\"http:\/\/feldbahn-riedlhuette.de\/fwr\/wp-content\/uploads\/loks\/el110\/symbolfoto_personenzug.jpg\" data-id=\"134\" class=\"wp-image-134\" srcset=\"http:\/\/feldbahn-riedlhuette.de\/fwr\/wp-content\/uploads\/loks\/el110\/symbolfoto_personenzug-1024x680.jpg 1024w, http:\/\/feldbahn-riedlhuette.de\/fwr\/wp-content\/uploads\/loks\/el110\/symbolfoto_personenzug-300x199.jpg 300w, http:\/\/feldbahn-riedlhuette.de\/fwr\/wp-content\/uploads\/loks\/el110\/symbolfoto_personenzug-768x510.jpg 768w, http:\/\/feldbahn-riedlhuette.de\/fwr\/wp-content\/uploads\/loks\/el110\/symbolfoto_personenzug-1536x1021.jpg 1536w, http:\/\/feldbahn-riedlhuette.de\/fwr\/wp-content\/uploads\/loks\/el110\/symbolfoto_personenzug.jpg 2000w\" sizes=\"auto, (max-width: 1024px) 100vw, 1024px\" \/><\/div><div class=\"kadence-blocks-gallery-item__caption\">Personenzug mit EL 110<\/div><\/div><\/a><\/figure><\/div><\/li><\/ul><\/div>\n\n\n<p><\/p>\n\n\n\n<figure class=\"wp-block-embed is-type-video is-provider-youtube wp-block-embed-youtube wp-embed-aspect-16-9 wp-has-aspect-ratio\"><div class=\"wp-block-embed__wrapper\">\n<iframe loading=\"lazy\" title=\"Feldbahn Riedlh\u00fctte am 30.04. und 01.05.2022 (Jung EL110 mit Lorenzug)\" width=\"800\" height=\"450\" src=\"https:\/\/www.youtube.com\/embed\/P9CT4Lmbelo?feature=oembed\" frameborder=\"0\" allow=\"accelerometer; autoplay; clipboard-write; encrypted-media; gyroscope; picture-in-picture; web-share\" allowfullscreen><\/iframe>\n<\/div><\/figure>\n","protected":false},"excerpt":{"rendered":"<p>Lok Nr. 1 ist betriebsbereit. Technische Daten Geschichte 30.09.1936 ab Fritz Kirchhoff, M\u00fcnchenZiegelei Reissl, Neumarkt-St. Veit1988 Feldbahn Fr\u00e4nking (Nr. 4)2003<\/p>\n","protected":false},"author":1,"featured_media":0,"parent":0,"menu_order":0,"comment_status":"closed","ping_status":"closed","template":"","meta":{"cybocfi_hide_featured_image":"","footnotes":""},"class_list":["post-144","page","type-page","status-publish","hentry"],"_links":{"self":[{"href":"http:\/\/feldbahn-riedlhuette.de\/fwr\/wp-json\/wp\/v2\/pages\/144","targetHints":{"allow":["GET"]}}],"collection":[{"href":"http:\/\/feldbahn-riedlhuette.de\/fwr\/wp-json\/wp\/v2\/pages"}],"about":[{"href":"http:\/\/feldbahn-riedlhuette.de\/fwr\/wp-json\/wp\/v2\/types\/page"}],"author":[{"embeddable":true,"href":"http:\/\/feldbahn-riedlhuette.de\/fwr\/wp-json\/wp\/v2\/users\/1"}],"replies":[{"embeddable":true,"href":"http:\/\/feldbahn-riedlhuette.de\/fwr\/wp-json\/wp\/v2\/comments?post=144"}],"version-history":[{"count":34,"href":"http:\/\/feldbahn-riedlhuette.de\/fwr\/wp-json\/wp\/v2\/pages\/144\/revisions"}],"predecessor-version":[{"id":1241,"href":"http:\/\/feldbahn-riedlhuette.de\/fwr\/wp-json\/wp\/v2\/pages\/144\/revisions\/1241"}],"wp:attachment":[{"href":"http:\/\/feldbahn-riedlhuette.de\/fwr\/wp-json\/wp\/v2\/media?parent=144"}],"curies":[{"name":"wp","href":"https:\/\/api.w.org\/{rel}","templated":true}]}}