{"id":186,"date":"2023-06-12T16:35:06","date_gmt":"2023-06-12T14:35:06","guid":{"rendered":"http:\/\/feldbahn-riedlhuette.de\/fwr\/?page_id=186"},"modified":"2023-06-12T16:35:07","modified_gmt":"2023-06-12T14:35:07","slug":"datenschutz-copyright","status":"publish","type":"page","link":"http:\/\/feldbahn-riedlhuette.de\/fwr\/datenschutz-copyright\/","title":{"rendered":"Datenschutz &#038; Copyright"},"content":{"rendered":"\n<p><strong>Daten<\/strong> &#8211; Wir widersprechen jeder kommerziellen Verwendung und Weitergabe von von Vereins- oder Mitgliederdaten. Die Datenschutz Grundsatzverordnung (DSGVO) wird im Verein angewendet. F\u00fcr die Internetseite gilt, da wir nach dem Telemediengesetz t\u00e4tig sind, gem\u00e4\u00df OLG K\u00f6ln auch der \u00a7 23 KUG (Kunsturhebergesetz) weiterhin, trotz der neu eingef\u00fchrten DSGVU. In den \u00a7\u00a7 22, 23 KUG sind die wesentlichen Regelungen f\u00fcr das Fotorecht in Deutschland zu finden. Danach ist die Verbreitung von Fotografien oder Videos ohne Einwilligung der Abgebildeten bei zeitgeschichtlichen Ereignissen, auf Veranstaltungen oder als &#8222;Beiwerk&#8220; neben Geb\u00e4uden oder innerhalb von Landschaften zul\u00e4ssig. Wer sich dennoch in seinen Rechten verletzt f\u00fchlt, f\u00fcr den gilt der folgenden Absatz zu den Internetseiten entsprechend. Wir entfernen auf Antrag &#8211; wenn gew\u00fcnscht &#8211; das entsprechende Foto ohne Anerkennung einer Rechtspflicht.<\/p>\n\n\n\n<p><strong>Internetseiten<\/strong> &#8211; Wir, die Autoren \u00fcbernehmen keinerlei Gew\u00e4hr f\u00fcr die Aktualit\u00e4t, Korrektheit, Vollst\u00e4ndigkeit oder Qualit\u00e4t der bereitgestellten Informationen. Haftungsanspr\u00fcche gegen uns, welche sich auf Sch\u00e4den materieller oder ideeller Art beziehen, die durch die Nutzung oder Nichtnutzung der dargebotenen Informationen bzw. durch die Nutzung fehlerhafter und unvollst\u00e4ndiger Informationen verursacht wurden, sind grunds\u00e4tzlich ausgeschlossen. Die Informationen werden nach bestem Wissen weitergegeben. Wir behalten uns ausdr\u00fccklich das Recht vor, Teile der Seiten oder die gesamte Seiten und Angebote ohne gesonderte Ank\u00fcndigung zu ver\u00e4ndern, zu erg\u00e4nzen, zu l\u00f6schen oder die Ver\u00f6ffentlichung zeitweise oder endg\u00fcltig einzustellen. Desgleichen behalten wir uns das Recht vor, die Dinge so darzustellen, wie wir sie gesehen oder vorgefunden haben. Die Weitergabe von Inhalten unserer Seiten ist nicht gestattet und bedarf unserer ausdr\u00fccklichen schriftlichen Zustimmung. Siehe auch weiter unten Abschnitt: Copyright \u00a9. Sollten sich auf den Webseiten Teile befinden, die gegen geltendes Recht versto\u00dfen, bitte wir um umgehenden Benachrichtigung, wir werden diese nach Pr\u00fcfung sofort entfernen. Wir bitten vom Einsatz teuerer Rechtsanw\u00e4lte, zur Kosten und Zeitersparnis beiderseits, abzusehen.<\/p>\n\n\n\n<p><strong>Verlinkungen<\/strong> &#8211; Wir haften nicht f\u00fcr die Inhalte von Internetseiten zu denen ein Link von oder von den ein Link zu unseren Seiten besteht. Die Betreiber dieser Seiten sind f\u00fcr die Inhalte ihrer Seiten alleine verantwortlich. Wir erkl\u00e4ren hiermit ausdr\u00fccklich, dass zum Zeitpunkt der Linksetzung keine illegalen Inhalte auf den zu verlinkenden Seiten erkennbar waren. Auf die aktuelle und zuk\u00fcnftige Gestaltung, die Inhalte oder die Urheberschaft der verlinkten oder verkn\u00fcpften Seiten haben wir keinerlei Einfluss. Deshalb distanziert wir uns hiermit ausdr\u00fccklich von allen Inhalten aller verlinkten oder verkn\u00fcpften Seiten, die nach der Linksetzung ver\u00e4ndert wurden. Wir haften auch nicht f\u00fcr das weitere bestehen und funktionieren dieser Links.<\/p>\n\n\n\n<p><strong>Marken- und Warenzeichen<\/strong> &#8211; Alle innerhalb dieser Internetseiten genannten und ggf. durch Dritte gesch\u00fctzten Marken- und Warenzeichen unterliegen uneingeschr\u00e4nkt den Bestimmungen des jeweils g\u00fcltigen Kennzeichenrechts und den Besitzrechten der jeweiligen eingetragenen Eigent\u00fcmer. Die Nennung oder Darstellung dient der Information zur Identifikation von Produkten und ihren Herstellern. Die Nennung stellt keine Bewertung oder Empfehlung dar. Wir betreiben auch keine entsprochene Produkt- oder Markenwerbung. Allein die blo\u00dfe Nennung bedeutet nicht, dass hier genannte Marken- oder Warenzeichen, auch wenn sie nicht mehr im Handel sind, erloschen sind und deshalb frei verwendet werden k\u00f6nnen. Wir \u00fcbernehmen hierf\u00fcr keine Haftung.<\/p>\n\n\n\n<p><strong>Copyright \u00a9<\/strong> &#8211; Alle Fotos oder Texte sind Eigentum der einzelnen Fotografen oder Autoren und d\u00fcrfen nur mit Herkunftsangabe f\u00fcr private Zwecke verwendet werden (siehe \u00a7 13 UrhG). Die gewerbsm\u00e4\u00dfige Verwendung oder Speicherung der Fotos, Grafiken oder Texte bedarf jedoch grunds\u00e4tzlich der Zustimmung der Rechteinhaber. Erfolgt die Verwendung ohne Zustimmung, so ergibt sich automatisch ein Anspruch auf Zahlung eines Nutzungsentgeltes bzw. Nutzungshonorars, Dieses gilt vor allem, wenn uns ein alleiniges Recht zu Ver\u00f6ffentlichung \u00fcberlassenen wurde, f\u00fcr die Verwendung der uns \u00fcberlassenen Grafiken, Tondokumente, Videosequenzen und Texte durch Dritte. Uns \u00fcberlassene Fotos, Dokumente oder Texte sind nicht gemeinfrei.. Wir sind bestrebt m\u00f6glichst nur von uns selbst erstellte Bilder, Grafiken, Tondokumente, Videosequenzen und Texte zu nutzen oder wenn nicht m\u00f6glich auf lizenzfreie Fotos, Grafiken, Tondokumente, Videosequenzen und Texte zur\u00fcckzugreifen bzw. gemeinfreie Dokumente zu verwenden.. Die Quellen werden von uns entsprechend genannt.<\/p>\n","protected":false},"excerpt":{"rendered":"<p>Daten &#8211; Wir widersprechen jeder kommerziellen Verwendung und Weitergabe von von Vereins- oder Mitgliederdaten. Die Datenschutz Grundsatzverordnung (DSGVO) wird im<\/p>\n","protected":false},"author":1,"featured_media":0,"parent":0,"menu_order":0,"comment_status":"closed","ping_status":"closed","template":"","meta":{"cybocfi_hide_featured_image":"","footnotes":""},"class_list":["post-186","page","type-page","status-publish","hentry"],"_links":{"self":[{"href":"http:\/\/feldbahn-riedlhuette.de\/fwr\/wp-json\/wp\/v2\/pages\/186","targetHints":{"allow":["GET"]}}],"collection":[{"href":"http:\/\/feldbahn-riedlhuette.de\/fwr\/wp-json\/wp\/v2\/pages"}],"about":[{"href":"http:\/\/feldbahn-riedlhuette.de\/fwr\/wp-json\/wp\/v2\/types\/page"}],"author":[{"embeddable":true,"href":"http:\/\/feldbahn-riedlhuette.de\/fwr\/wp-json\/wp\/v2\/users\/1"}],"replies":[{"embeddable":true,"href":"http:\/\/feldbahn-riedlhuette.de\/fwr\/wp-json\/wp\/v2\/comments?post=186"}],"version-history":[{"count":1,"href":"http:\/\/feldbahn-riedlhuette.de\/fwr\/wp-json\/wp\/v2\/pages\/186\/revisions"}],"predecessor-version":[{"id":187,"href":"http:\/\/feldbahn-riedlhuette.de\/fwr\/wp-json\/wp\/v2\/pages\/186\/revisions\/187"}],"wp:attachment":[{"href":"http:\/\/feldbahn-riedlhuette.de\/fwr\/wp-json\/wp\/v2\/media?parent=186"}],"curies":[{"name":"wp","href":"https:\/\/api.w.org\/{rel}","templated":true}]}}