{"id":352,"date":"2023-07-05T15:06:49","date_gmt":"2023-07-05T13:06:49","guid":{"rendered":"http:\/\/feldbahn-riedlhuette.de\/fwr\/?page_id=352"},"modified":"2024-11-09T13:45:05","modified_gmt":"2024-11-09T12:45:05","slug":"lkm-ns2f","status":"publish","type":"page","link":"http:\/\/feldbahn-riedlhuette.de\/fwr\/lkm-ns2f\/","title":{"rendered":"LKM Ns2f"},"content":{"rendered":"\n<p><strong>Lok Nr. 5 wurde verkauft und befindet sich nicht mehr in Riedlh\u00fctte.<\/strong><\/p>\n\n\n<style>.wp-block-kadence-advancedgallery .kb-gallery-type-masonry.kb-gallery-id-352_004f40-e3{margin:-0px;}.kb-gallery-type-masonry.kb-gallery-id-352_004f40-e3 .kadence-blocks-gallery-item{padding:0px;}.kb-gallery-id-352_004f40-e3 .kadence-blocks-gallery-item .kb-gal-image-radius, .kb-gallery-id-352_004f40-e3 .kb-slide-item .kb-gal-image-radius img{border-radius:0px 0px 0px 0px;;}<\/style><div class=\"kb-gallery-wrap-id-352_004f40-e3 alignnone wp-block-kadence-advancedgallery\"><ul class=\"kb-gallery-ul kb-gallery-non-static kb-gallery-type-masonry kb-masonry-init kb-gallery-id-352_004f40-e3 kb-gallery-caption-style-bottom-hover kb-gallery-filter-none kb-gallery-magnific-init\" data-image-filter=\"none\" data-item-selector=\".kadence-blocks-gallery-item\" data-lightbox-caption=\"false\" data-columns-xxl=\"1\" data-columns-xl=\"1\" data-columns-md=\"1\" data-columns-sm=\"1\" data-columns-xs=\"1\" data-columns-ss=\"1\"><li class=\"kadence-blocks-gallery-item\"><div class=\"kadence-blocks-gallery-item-inner\"><figure class=\"kb-gallery-figure kb-gallery-item-has-link kadence-blocks-gallery-item-hide-caption\"><a href=\"http:\/\/feldbahn-riedlhuette.de\/fwr\/wp-content\/uploads\/loks\/ns2f\/ns2f_3_edited.jpg\" class=\"kb-gallery-item-link\"   role=\"button\" aria-haspopup=\"dialog\"><div class=\"kb-gal-image-radius\" style=\"max-width:1350px;\"><div class=\"kb-gallery-image-contain kadence-blocks-gallery-intrinsic\" style=\"padding-bottom:66%;\"><img loading=\"lazy\" decoding=\"async\" src=\"http:\/\/feldbahn-riedlhuette.de\/fwr\/wp-content\/uploads\/loks\/ns2f\/ns2f_3_edited.jpg\" width=\"1350\" height=\"900\" alt=\"\" data-full-image=\"http:\/\/feldbahn-riedlhuette.de\/fwr\/wp-content\/uploads\/loks\/ns2f\/ns2f_3_edited.jpg\" data-light-image=\"http:\/\/feldbahn-riedlhuette.de\/fwr\/wp-content\/uploads\/loks\/ns2f\/ns2f_3_edited.jpg\" data-id=\"342\" class=\"wp-image-342\" srcset=\"http:\/\/feldbahn-riedlhuette.de\/fwr\/wp-content\/uploads\/loks\/ns2f\/ns2f_3_edited.jpg 1350w, http:\/\/feldbahn-riedlhuette.de\/fwr\/wp-content\/uploads\/loks\/ns2f\/ns2f_3_edited-300x200.jpg 300w, http:\/\/feldbahn-riedlhuette.de\/fwr\/wp-content\/uploads\/loks\/ns2f\/ns2f_3_edited-1024x683.jpg 1024w, http:\/\/feldbahn-riedlhuette.de\/fwr\/wp-content\/uploads\/loks\/ns2f\/ns2f_3_edited-768x512.jpg 768w\" sizes=\"auto, (max-width: 1350px) 100vw, 1350px\" \/><\/div><\/div><\/a><\/figure><\/div><\/li><\/ul><\/div>\n\n\n<p><\/p>\n\n\n\n<p class=\"has-medium-font-size\"><strong>Technische Daten<\/strong><\/p>\n\n\n\n<table id=\"tablepress-5\" class=\"tablepress tablepress-id-5\">\n<tbody class=\"row-striping row-hover\">\n<tr class=\"row-1\">\n\t<td class=\"column-1\">Hersteller<\/td><td class=\"column-2\">LKM Babelsberg<\/td>\n<\/tr>\n<tr class=\"row-2\">\n\t<td class=\"column-1\">Typ<\/td><td class=\"column-2\">Ns2f<\/td>\n<\/tr>\n<tr class=\"row-3\">\n\t<td class=\"column-1\">Fabrik-Nr.<\/td><td class=\"column-2\">248883 600<\/td>\n<\/tr>\n<tr class=\"row-4\">\n\t<td class=\"column-1\">Baujahr<\/td><td class=\"column-2\">1957<\/td>\n<\/tr>\n<tr class=\"row-5\">\n\t<td class=\"column-1\">Gewicht<\/td><td class=\"column-2\">6,2 Tonnen<\/td>\n<\/tr>\n<tr class=\"row-6\">\n\t<td class=\"column-1\">L\u00e4nge \u00fc. P.<\/td><td class=\"column-2\">3040 mm<\/td>\n<\/tr>\n<tr class=\"row-7\">\n\t<td class=\"column-1\">Breite<\/td><td class=\"column-2\">1400 mm<\/td>\n<\/tr>\n<tr class=\"row-8\">\n\t<td class=\"column-1\">H\u00f6he<\/td><td class=\"column-2\">2300 mm<\/td>\n<\/tr>\n<tr class=\"row-9\">\n\t<td class=\"column-1\">Fahrgeschwindigkeit<\/td><td class=\"column-2\">4 &#8211; 8 &#8211; 14 km\/h<\/td>\n<\/tr>\n<tr class=\"row-10\">\n\t<td class=\"column-1\">Bremse<\/td><td class=\"column-2\">Mechanisch (Wurfhebelbremse)<\/td>\n<\/tr>\n<tr class=\"row-11\">\n\t<td class=\"column-1\">Antrieb<\/td><td class=\"column-2\">Blindwelle mit Stange<\/td>\n<\/tr>\n<tr class=\"row-12\">\n\t<td class=\"column-1\">Motor<\/td><td class=\"column-2\">Sch\u00f6nebecker Dieselmotorenbau 2 VD 14,5\/12 SRL Zweizylinder-Viertakt-Reihenmotor, luftgek\u00fchlt<\/td>\n<\/tr>\n<tr class=\"row-13\">\n\t<td class=\"column-1\">Leistung<\/td><td class=\"column-2\">30\/35 PS<\/td>\n<\/tr>\n<tr class=\"row-14\">\n\t<td class=\"column-1\">Anlasser<\/td><td class=\"column-2\">24 Volt = &amp; manuell mit Kurbel<\/td>\n<\/tr>\n<tr class=\"row-15\">\n\t<td class=\"column-1\">Elektrik<\/td><td class=\"column-2\">12 Volt =<\/td>\n<\/tr>\n<\/tbody>\n<\/table>\n<!-- #tablepress-5 from cache -->\n\n\n<p class=\"has-medium-font-size\"><strong>Geschichte<\/strong><\/p>\n\n\n\n<p>VEB Ziegelwerke Magdeburg, Fleetmark (HU 15.12.83, 074), Betriebsteil Brietz (074), 1990 abgestellt<br>1992 an Privat, Gastst\u00e4tte &#8222;Am Kanal&#8220;, A. Gennermann, Bad Bodenteich-H\u00e4cklingen<br>2006 an Privat (Horst K\u00fchnhackl), Wolfhagen-Viesebeck<br>2013 an Privat (Clemente Spehr) f\u00fcr Feldbahn Riedlh\u00fctte<br>2024 verkauft<\/p>\n\n\n\n<p class=\"has-medium-font-size\"><strong>Eigent\u00fcmer<\/strong><\/p>\n\n\n\n<p>Ehem. Privatbesitz Clemente Spehr<br>2024 verkauft<\/p>\n\n\n\n<p class=\"has-medium-font-size\"><strong>Weitere Fotos<\/strong><\/p>\n\n\n<style>.wp-block-kadence-advancedgallery .kb-gallery-type-masonry.kb-gallery-id-352_96c406-15{margin:-5px;}.kb-gallery-type-masonry.kb-gallery-id-352_96c406-15 .kadence-blocks-gallery-item{padding:5px;}.kb-gallery-id-352_96c406-15 .kadence-blocks-gallery-item .kb-gal-image-radius, .kb-gallery-id-352_96c406-15 .kb-slide-item .kb-gal-image-radius img{border-radius:0px 0px 0px 0px;;}.kb-gallery-caption-style-bottom.kb-gallery-id-352_96c406-15 .kadence-blocks-gallery-item .kadence-blocks-gallery-item-inner .kadence-blocks-gallery-item__caption, .kb-gallery-caption-style-bottom-hover.kb-gallery-id-352_96c406-15 .kadence-blocks-gallery-item .kadence-blocks-gallery-item-inner .kadence-blocks-gallery-item__caption{background:linear-gradient(0deg, rgba(0, 0, 0, 0.8) 0, rgba(0, 0, 0, 0) 100%);}<\/style><div class=\"kb-gallery-wrap-id-352_96c406-15 alignnone wp-block-kadence-advancedgallery\"><ul class=\"kb-gallery-ul kb-gallery-non-static kb-gallery-type-masonry kb-masonry-init kb-gallery-id-352_96c406-15 kb-gallery-caption-style-bottom-hover kb-gallery-filter-none kb-gallery-magnific-init\" data-image-filter=\"none\" data-item-selector=\".kadence-blocks-gallery-item\" data-lightbox-caption=\"true\" data-columns-xxl=\"2\" data-columns-xl=\"2\" data-columns-md=\"2\" data-columns-sm=\"2\" data-columns-xs=\"1\" data-columns-ss=\"1\"><li class=\"kadence-blocks-gallery-item\"><div class=\"kadence-blocks-gallery-item-inner\"><figure class=\"kb-gallery-figure kb-gallery-item-has-link kadence-blocks-gallery-item-has-caption\"><a href=\"http:\/\/feldbahn-riedlhuette.de\/fwr\/wp-content\/uploads\/loks\/ns2f\/ns2f_alter_standort_edited.jpg\" data-description=\"Die Ns2f vor dem Transport nach Riedlh\u00fctte\" class=\"kb-gallery-item-link\"   role=\"button\" aria-haspopup=\"dialog\"><div class=\"kb-gal-image-radius\" style=\"max-width:700px;\"><div class=\"kb-gallery-image-contain kadence-blocks-gallery-intrinsic\" style=\"padding-bottom:75%;\"><img loading=\"lazy\" decoding=\"async\" src=\"http:\/\/feldbahn-riedlhuette.de\/fwr\/wp-content\/uploads\/loks\/ns2f\/ns2f_alter_standort_edited.jpg\" width=\"700\" height=\"525\" alt=\"\" data-full-image=\"http:\/\/feldbahn-riedlhuette.de\/fwr\/wp-content\/uploads\/loks\/ns2f\/ns2f_alter_standort_edited.jpg\" data-light-image=\"http:\/\/feldbahn-riedlhuette.de\/fwr\/wp-content\/uploads\/loks\/ns2f\/ns2f_alter_standort_edited.jpg\" data-id=\"371\" class=\"wp-image-371\" srcset=\"http:\/\/feldbahn-riedlhuette.de\/fwr\/wp-content\/uploads\/loks\/ns2f\/ns2f_alter_standort_edited.jpg 700w, http:\/\/feldbahn-riedlhuette.de\/fwr\/wp-content\/uploads\/loks\/ns2f\/ns2f_alter_standort_edited-300x225.jpg 300w\" sizes=\"auto, (max-width: 700px) 100vw, 700px\" \/><\/div><div class=\"kadence-blocks-gallery-item__caption\">Die Ns2f vor dem Transport nach Riedlh\u00fctte<\/div><\/div><\/a><\/figure><\/div><\/li><li class=\"kadence-blocks-gallery-item\"><div class=\"kadence-blocks-gallery-item-inner\"><figure class=\"kb-gallery-figure kb-gallery-item-has-link kadence-blocks-gallery-item-has-caption\"><a href=\"http:\/\/feldbahn-riedlhuette.de\/fwr\/wp-content\/uploads\/loks\/ns2f\/ns2f_anlieferung_edited.jpg\" data-description=\"Gut bei unserer Bahn angekommen\" class=\"kb-gallery-item-link\"   role=\"button\" aria-haspopup=\"dialog\"><div class=\"kb-gal-image-radius\" style=\"max-width:1024px;\"><div class=\"kb-gallery-image-contain kadence-blocks-gallery-intrinsic\" style=\"padding-bottom:75%;\"><img loading=\"lazy\" decoding=\"async\" src=\"http:\/\/feldbahn-riedlhuette.de\/fwr\/wp-content\/uploads\/loks\/ns2f\/ns2f_anlieferung_edited-1024x768.jpg\" width=\"1024\" height=\"768\" alt=\"\" data-full-image=\"http:\/\/feldbahn-riedlhuette.de\/fwr\/wp-content\/uploads\/loks\/ns2f\/ns2f_anlieferung_edited.jpg\" data-light-image=\"http:\/\/feldbahn-riedlhuette.de\/fwr\/wp-content\/uploads\/loks\/ns2f\/ns2f_anlieferung_edited.jpg\" data-id=\"372\" class=\"wp-image-372\" srcset=\"http:\/\/feldbahn-riedlhuette.de\/fwr\/wp-content\/uploads\/loks\/ns2f\/ns2f_anlieferung_edited-1024x768.jpg 1024w, http:\/\/feldbahn-riedlhuette.de\/fwr\/wp-content\/uploads\/loks\/ns2f\/ns2f_anlieferung_edited-300x225.jpg 300w, http:\/\/feldbahn-riedlhuette.de\/fwr\/wp-content\/uploads\/loks\/ns2f\/ns2f_anlieferung_edited-768x576.jpg 768w, http:\/\/feldbahn-riedlhuette.de\/fwr\/wp-content\/uploads\/loks\/ns2f\/ns2f_anlieferung_edited.jpg 1280w\" sizes=\"auto, (max-width: 1024px) 100vw, 1024px\" \/><\/div><div class=\"kadence-blocks-gallery-item__caption\">Gut bei unserer Bahn angekommen<\/div><\/div><\/a><\/figure><\/div><\/li><li class=\"kadence-blocks-gallery-item\"><div class=\"kadence-blocks-gallery-item-inner\"><figure class=\"kb-gallery-figure kb-gallery-item-has-link kadence-blocks-gallery-item-has-caption\"><a href=\"http:\/\/feldbahn-riedlhuette.de\/fwr\/wp-content\/uploads\/loks\/ns2f\/ns2f_2_edited.jpg\" data-description=\"Die Lok vor einigen Kipploren\" class=\"kb-gallery-item-link\"   role=\"button\" aria-haspopup=\"dialog\"><div class=\"kb-gal-image-radius\" style=\"max-width:800px;\"><div class=\"kb-gallery-image-contain kadence-blocks-gallery-intrinsic\" style=\"padding-bottom:56%;\"><img loading=\"lazy\" decoding=\"async\" src=\"http:\/\/feldbahn-riedlhuette.de\/fwr\/wp-content\/uploads\/loks\/ns2f\/ns2f_2_edited-1024x576.jpg\" width=\"800\" height=\"450\" alt=\"\" data-full-image=\"http:\/\/feldbahn-riedlhuette.de\/fwr\/wp-content\/uploads\/loks\/ns2f\/ns2f_2_edited.jpg\" data-light-image=\"http:\/\/feldbahn-riedlhuette.de\/fwr\/wp-content\/uploads\/loks\/ns2f\/ns2f_2_edited.jpg\" data-id=\"373\" class=\"wp-image-373\" srcset=\"http:\/\/feldbahn-riedlhuette.de\/fwr\/wp-content\/uploads\/loks\/ns2f\/ns2f_2_edited-1024x576.jpg 1024w, http:\/\/feldbahn-riedlhuette.de\/fwr\/wp-content\/uploads\/loks\/ns2f\/ns2f_2_edited-300x169.jpg 300w, http:\/\/feldbahn-riedlhuette.de\/fwr\/wp-content\/uploads\/loks\/ns2f\/ns2f_2_edited-768x432.jpg 768w, http:\/\/feldbahn-riedlhuette.de\/fwr\/wp-content\/uploads\/loks\/ns2f\/ns2f_2_edited-1536x864.jpg 1536w, http:\/\/feldbahn-riedlhuette.de\/fwr\/wp-content\/uploads\/loks\/ns2f\/ns2f_2_edited.jpg 1600w\" sizes=\"auto, (max-width: 800px) 100vw, 800px\" \/><\/div><div class=\"kadence-blocks-gallery-item__caption\">Die Lok vor einigen Kipploren<\/div><\/div><\/a><\/figure><\/div><\/li><li class=\"kadence-blocks-gallery-item\"><div class=\"kadence-blocks-gallery-item-inner\"><figure class=\"kb-gallery-figure kb-gallery-item-has-link kadence-blocks-gallery-item-has-caption\"><a href=\"http:\/\/feldbahn-riedlhuette.de\/fwr\/wp-content\/uploads\/loks\/ns2f\/ns2f_4_edited.jpg\" data-description=\"Am Bahn\u00fcbergang\" class=\"kb-gallery-item-link\"   role=\"button\" aria-haspopup=\"dialog\"><div class=\"kb-gal-image-radius\" style=\"max-width:800px;\"><div class=\"kb-gallery-image-contain kadence-blocks-gallery-intrinsic\" style=\"padding-bottom:56%;\"><img loading=\"lazy\" decoding=\"async\" src=\"http:\/\/feldbahn-riedlhuette.de\/fwr\/wp-content\/uploads\/loks\/ns2f\/ns2f_4_edited-1024x576.jpg\" width=\"800\" height=\"450\" alt=\"\" data-full-image=\"http:\/\/feldbahn-riedlhuette.de\/fwr\/wp-content\/uploads\/loks\/ns2f\/ns2f_4_edited.jpg\" data-light-image=\"http:\/\/feldbahn-riedlhuette.de\/fwr\/wp-content\/uploads\/loks\/ns2f\/ns2f_4_edited.jpg\" data-id=\"374\" class=\"wp-image-374\" srcset=\"http:\/\/feldbahn-riedlhuette.de\/fwr\/wp-content\/uploads\/loks\/ns2f\/ns2f_4_edited-1024x576.jpg 1024w, http:\/\/feldbahn-riedlhuette.de\/fwr\/wp-content\/uploads\/loks\/ns2f\/ns2f_4_edited-300x169.jpg 300w, http:\/\/feldbahn-riedlhuette.de\/fwr\/wp-content\/uploads\/loks\/ns2f\/ns2f_4_edited-768x432.jpg 768w, http:\/\/feldbahn-riedlhuette.de\/fwr\/wp-content\/uploads\/loks\/ns2f\/ns2f_4_edited-1536x864.jpg 1536w, http:\/\/feldbahn-riedlhuette.de\/fwr\/wp-content\/uploads\/loks\/ns2f\/ns2f_4_edited.jpg 1600w\" sizes=\"auto, (max-width: 800px) 100vw, 800px\" \/><\/div><div class=\"kadence-blocks-gallery-item__caption\">Am Bahn\u00fcbergang<\/div><\/div><\/a><\/figure><\/div><\/li><\/ul><\/div>","protected":false},"excerpt":{"rendered":"<p>Lok Nr. 5 wurde verkauft und befindet sich nicht mehr in Riedlh\u00fctte. Technische Daten Geschichte VEB Ziegelwerke Magdeburg, Fleetmark (HU<\/p>\n","protected":false},"author":1,"featured_media":0,"parent":0,"menu_order":0,"comment_status":"closed","ping_status":"closed","template":"","meta":{"cybocfi_hide_featured_image":"","footnotes":""},"class_list":["post-352","page","type-page","status-publish","hentry"],"_links":{"self":[{"href":"http:\/\/feldbahn-riedlhuette.de\/fwr\/wp-json\/wp\/v2\/pages\/352","targetHints":{"allow":["GET"]}}],"collection":[{"href":"http:\/\/feldbahn-riedlhuette.de\/fwr\/wp-json\/wp\/v2\/pages"}],"about":[{"href":"http:\/\/feldbahn-riedlhuette.de\/fwr\/wp-json\/wp\/v2\/types\/page"}],"author":[{"embeddable":true,"href":"http:\/\/feldbahn-riedlhuette.de\/fwr\/wp-json\/wp\/v2\/users\/1"}],"replies":[{"embeddable":true,"href":"http:\/\/feldbahn-riedlhuette.de\/fwr\/wp-json\/wp\/v2\/comments?post=352"}],"version-history":[{"count":10,"href":"http:\/\/feldbahn-riedlhuette.de\/fwr\/wp-json\/wp\/v2\/pages\/352\/revisions"}],"predecessor-version":[{"id":1100,"href":"http:\/\/feldbahn-riedlhuette.de\/fwr\/wp-json\/wp\/v2\/pages\/352\/revisions\/1100"}],"wp:attachment":[{"href":"http:\/\/feldbahn-riedlhuette.de\/fwr\/wp-json\/wp\/v2\/media?parent=352"}],"curies":[{"name":"wp","href":"https:\/\/api.w.org\/{rel}","templated":true}]}}