{"id":447,"date":"2023-07-05T17:44:00","date_gmt":"2023-07-05T15:44:00","guid":{"rendered":"http:\/\/feldbahn-riedlhuette.de\/fwr\/?page_id=447"},"modified":"2023-09-05T20:11:35","modified_gmt":"2023-09-05T18:11:35","slug":"struever-schienenkuli","status":"publish","type":"page","link":"http:\/\/feldbahn-riedlhuette.de\/fwr\/struever-schienenkuli\/","title":{"rendered":"Str\u00fcver Schienenkuli"},"content":{"rendered":"\n<p><strong>Lok Nr. 12 ist betriebsbereit.<\/strong><\/p>\n\n\n<style>.wp-block-kadence-advancedgallery .kb-gallery-type-masonry.kb-gallery-id-447_9c7d55-5e{margin:-0px;}.kb-gallery-type-masonry.kb-gallery-id-447_9c7d55-5e .kadence-blocks-gallery-item{padding:0px;}.kb-gallery-id-447_9c7d55-5e .kadence-blocks-gallery-item .kb-gal-image-radius, .kb-gallery-id-447_9c7d55-5e .kb-slide-item .kb-gal-image-radius img{border-radius:0px 0px 0px 0px;;}<\/style><div class=\"kb-gallery-wrap-id-447_9c7d55-5e alignnone wp-block-kadence-advancedgallery\"><ul class=\"kb-gallery-ul kb-gallery-non-static kb-gallery-type-masonry kb-masonry-init kb-gallery-id-447_9c7d55-5e kb-gallery-caption-style-bottom-hover kb-gallery-filter-none kb-gallery-magnific-init\" data-image-filter=\"none\" data-item-selector=\".kadence-blocks-gallery-item\" data-lightbox-caption=\"true\" data-columns-xxl=\"1\" data-columns-xl=\"1\" data-columns-md=\"1\" data-columns-sm=\"1\" data-columns-xs=\"1\" data-columns-ss=\"1\"><li class=\"kadence-blocks-gallery-item\"><div class=\"kadence-blocks-gallery-item-inner\"><figure class=\"kb-gallery-figure kb-gallery-item-has-link kadence-blocks-gallery-item-hide-caption\"><a href=\"http:\/\/feldbahn-riedlhuette.de\/fwr\/wp-content\/uploads\/loks\/schienenkuli\/schienenkuli1-2.jpg\" class=\"kb-gallery-item-link\"   role=\"button\" aria-haspopup=\"dialog\"><div class=\"kb-gal-image-radius\" style=\"max-width:2000px;\"><div class=\"kb-gallery-image-contain kadence-blocks-gallery-intrinsic\" style=\"padding-bottom:66%;\"><img loading=\"lazy\" decoding=\"async\" src=\"http:\/\/feldbahn-riedlhuette.de\/fwr\/wp-content\/uploads\/loks\/schienenkuli\/schienenkuli1-2.jpg\" width=\"2000\" height=\"1329\" alt=\"\" data-full-image=\"http:\/\/feldbahn-riedlhuette.de\/fwr\/wp-content\/uploads\/loks\/schienenkuli\/schienenkuli1-2.jpg\" data-light-image=\"http:\/\/feldbahn-riedlhuette.de\/fwr\/wp-content\/uploads\/loks\/schienenkuli\/schienenkuli1-2.jpg\" data-id=\"449\" class=\"wp-image-449\" srcset=\"http:\/\/feldbahn-riedlhuette.de\/fwr\/wp-content\/uploads\/loks\/schienenkuli\/schienenkuli1-2.jpg 2000w, http:\/\/feldbahn-riedlhuette.de\/fwr\/wp-content\/uploads\/loks\/schienenkuli\/schienenkuli1-2-300x199.jpg 300w, http:\/\/feldbahn-riedlhuette.de\/fwr\/wp-content\/uploads\/loks\/schienenkuli\/schienenkuli1-2-1024x680.jpg 1024w, http:\/\/feldbahn-riedlhuette.de\/fwr\/wp-content\/uploads\/loks\/schienenkuli\/schienenkuli1-2-768x510.jpg 768w, http:\/\/feldbahn-riedlhuette.de\/fwr\/wp-content\/uploads\/loks\/schienenkuli\/schienenkuli1-2-1536x1021.jpg 1536w\" sizes=\"auto, (max-width: 2000px) 100vw, 2000px\" \/><\/div><\/div><\/a><\/figure><\/div><\/li><\/ul><\/div>\n\n\n<p><\/p>\n\n\n\n<p class=\"has-medium-font-size\"><strong>Technische Daten<\/strong><\/p>\n\n\n\n<table id=\"tablepress-12\" class=\"tablepress tablepress-id-12\">\n<tbody class=\"row-striping row-hover\">\n<tr class=\"row-1\">\n\t<td class=\"column-1\">Hersteller<\/td><td class=\"column-2\">Str\u00fcver<\/td>\n<\/tr>\n<tr class=\"row-2\">\n\t<td class=\"column-1\">Typ<\/td><td class=\"column-2\">Schienenkuli<\/td>\n<\/tr>\n<tr class=\"row-3\">\n\t<td class=\"column-1\">Fabrik-Nr.<\/td><td class=\"column-2\">60546<\/td>\n<\/tr>\n<tr class=\"row-4\">\n\t<td class=\"column-1\">Baujahr<\/td><td class=\"column-2\">18.03.1963<\/td>\n<\/tr>\n<tr class=\"row-5\">\n\t<td class=\"column-1\">Gewicht<\/td><td class=\"column-2\">730 kg<\/td>\n<\/tr>\n<tr class=\"row-6\">\n\t<td class=\"column-1\">Fahrgeschwindigkeit<\/td><td class=\"column-2\">8 km\/h<\/td>\n<\/tr>\n<tr class=\"row-7\">\n\t<td class=\"column-1\">Bremse<\/td><td class=\"column-2\">Hand \/ mechanisch<\/td>\n<\/tr>\n<tr class=\"row-8\">\n\t<td class=\"column-1\">Motor<\/td><td class=\"column-2\">Deutz MAH 711<\/td>\n<\/tr>\n<tr class=\"row-9\">\n\t<td class=\"column-1\">Leistung<\/td><td class=\"column-2\">6 PS<\/td>\n<\/tr>\n<tr class=\"row-10\">\n\t<td class=\"column-1\">Zugkraft in der Ebene<\/td><td class=\"column-2\">12 t<\/td>\n<\/tr>\n<tr class=\"row-11\">\n\t<td class=\"column-1\">Anlasser<\/td><td class=\"column-2\">Kurbel<\/td>\n<\/tr>\n<tr class=\"row-12\">\n\t<td class=\"column-1\">Elektrik<\/td><td class=\"column-2\">Keine<\/td>\n<\/tr>\n<\/tbody>\n<\/table>\n<!-- #tablepress-12 from cache -->\n\n\n<p class=\"has-medium-font-size\"><strong>Geschichte<\/strong><\/p>\n\n\n\n<p>1963 Bauunternehmen Ulrich Kraus, L\u00fctzelburg\/Biberach<br>19?? Lechwerke Augsburg-Oberhausen<br>2019 an Daniel Neum\u00fcller<\/p>\n\n\n\n<p>Der Schienenkuli wurde vom Bauunternehmen Ulrich Kraus f\u00fcr Elektroinstallationen bei den Lechwerken benutzt und dort zur\u00fcckgelassen, da er nicht mehr ben\u00f6tigt wurde. Von den Lechwerken wurde der Schienenkuli dann bis Anfang der 1980er Jahre zur Uferbebauung verwendet. Im Juli 2019 wurde er vor dem Schrott bewahrt, neben ca. 100 Meter Gleis und drei Kipploren, die teilweise an andere Feldbahner ver\u00e4u\u00dfert wurden. Eine der Kipploren ging nach Riedlh\u00fctte.<\/p>\n\n\n\n<p class=\"has-medium-font-size\"><strong>Eigent\u00fcmer<\/strong><\/p>\n\n\n\n<p>Privatbesitz Daniel Neum\u00fcller<\/p>\n\n\n\n<p class=\"has-medium-font-size\"><strong>Weitere Fotos<\/strong><\/p>\n\n\n<style>.wp-block-kadence-advancedgallery .kb-gallery-type-masonry.kb-gallery-id-447_b96260-f3{margin:-5px;}.kb-gallery-type-masonry.kb-gallery-id-447_b96260-f3 .kadence-blocks-gallery-item{padding:5px;}.kb-gallery-id-447_b96260-f3 .kadence-blocks-gallery-item .kb-gal-image-radius, .kb-gallery-id-447_b96260-f3 .kb-slide-item .kb-gal-image-radius img{border-radius:0px 0px 0px 0px;;}.kb-gallery-caption-style-bottom.kb-gallery-id-447_b96260-f3 .kadence-blocks-gallery-item .kadence-blocks-gallery-item-inner .kadence-blocks-gallery-item__caption, .kb-gallery-caption-style-bottom-hover.kb-gallery-id-447_b96260-f3 .kadence-blocks-gallery-item .kadence-blocks-gallery-item-inner .kadence-blocks-gallery-item__caption{background:linear-gradient(0deg, rgba(0, 0, 0, 0.8) 0, rgba(0, 0, 0, 0) 100%);}<\/style><div class=\"kb-gallery-wrap-id-447_b96260-f3 alignnone wp-block-kadence-advancedgallery\"><ul class=\"kb-gallery-ul kb-gallery-non-static kb-gallery-type-masonry kb-masonry-init kb-gallery-id-447_b96260-f3 kb-gallery-caption-style-bottom-hover kb-gallery-filter-none kb-gallery-magnific-init\" data-image-filter=\"none\" data-item-selector=\".kadence-blocks-gallery-item\" data-lightbox-caption=\"true\" data-columns-xxl=\"3\" data-columns-xl=\"3\" data-columns-md=\"3\" data-columns-sm=\"2\" data-columns-xs=\"1\" data-columns-ss=\"1\"><li class=\"kadence-blocks-gallery-item\"><div class=\"kadence-blocks-gallery-item-inner\"><figure class=\"kb-gallery-figure kb-gallery-item-has-link kadence-blocks-gallery-item-has-caption\"><a href=\"http:\/\/feldbahn-riedlhuette.de\/fwr\/wp-content\/uploads\/loks\/schienenkuli\/schienenkuli_fund1.jpg\" data-description=\"Der Schienenkuli beim Fund\" class=\"kb-gallery-item-link\"   role=\"button\" aria-haspopup=\"dialog\"><div class=\"kb-gal-image-radius\" style=\"max-width:1024px;\"><div class=\"kb-gallery-image-contain kadence-blocks-gallery-intrinsic\" style=\"padding-bottom:75%;\"><img loading=\"lazy\" decoding=\"async\" src=\"http:\/\/feldbahn-riedlhuette.de\/fwr\/wp-content\/uploads\/loks\/schienenkuli\/schienenkuli_fund1-1024x768.jpg\" width=\"1024\" height=\"768\" alt=\"\" data-full-image=\"http:\/\/feldbahn-riedlhuette.de\/fwr\/wp-content\/uploads\/loks\/schienenkuli\/schienenkuli_fund1.jpg\" data-light-image=\"http:\/\/feldbahn-riedlhuette.de\/fwr\/wp-content\/uploads\/loks\/schienenkuli\/schienenkuli_fund1.jpg\" data-id=\"451\" class=\"wp-image-451\" srcset=\"http:\/\/feldbahn-riedlhuette.de\/fwr\/wp-content\/uploads\/loks\/schienenkuli\/schienenkuli_fund1-1024x768.jpg 1024w, http:\/\/feldbahn-riedlhuette.de\/fwr\/wp-content\/uploads\/loks\/schienenkuli\/schienenkuli_fund1-300x225.jpg 300w, http:\/\/feldbahn-riedlhuette.de\/fwr\/wp-content\/uploads\/loks\/schienenkuli\/schienenkuli_fund1-768x576.jpg 768w, http:\/\/feldbahn-riedlhuette.de\/fwr\/wp-content\/uploads\/loks\/schienenkuli\/schienenkuli_fund1-1536x1152.jpg 1536w, http:\/\/feldbahn-riedlhuette.de\/fwr\/wp-content\/uploads\/loks\/schienenkuli\/schienenkuli_fund1.jpg 1600w\" sizes=\"auto, (max-width: 1024px) 100vw, 1024px\" \/><\/div><div class=\"kadence-blocks-gallery-item__caption\">Der Schienenkuli beim Fund<\/div><\/div><\/a><\/figure><\/div><\/li><li class=\"kadence-blocks-gallery-item\"><div class=\"kadence-blocks-gallery-item-inner\"><figure class=\"kb-gallery-figure kb-gallery-item-has-link kadence-blocks-gallery-item-has-caption\"><a href=\"http:\/\/feldbahn-riedlhuette.de\/fwr\/wp-content\/uploads\/loks\/schienenkuli\/schienenkuli_fund2.jpg\" data-description=\"Er stand lange Zeit drau\u00dfen\" class=\"kb-gallery-item-link\"   role=\"button\" aria-haspopup=\"dialog\"><div class=\"kb-gal-image-radius\" style=\"max-width:1024px;\"><div class=\"kb-gallery-image-contain kadence-blocks-gallery-intrinsic\" style=\"padding-bottom:75%;\"><img loading=\"lazy\" decoding=\"async\" src=\"http:\/\/feldbahn-riedlhuette.de\/fwr\/wp-content\/uploads\/loks\/schienenkuli\/schienenkuli_fund2-1024x768.jpg\" width=\"1024\" height=\"768\" alt=\"\" data-full-image=\"http:\/\/feldbahn-riedlhuette.de\/fwr\/wp-content\/uploads\/loks\/schienenkuli\/schienenkuli_fund2.jpg\" data-light-image=\"http:\/\/feldbahn-riedlhuette.de\/fwr\/wp-content\/uploads\/loks\/schienenkuli\/schienenkuli_fund2.jpg\" data-id=\"452\" class=\"wp-image-452\" srcset=\"http:\/\/feldbahn-riedlhuette.de\/fwr\/wp-content\/uploads\/loks\/schienenkuli\/schienenkuli_fund2-1024x768.jpg 1024w, http:\/\/feldbahn-riedlhuette.de\/fwr\/wp-content\/uploads\/loks\/schienenkuli\/schienenkuli_fund2-300x225.jpg 300w, http:\/\/feldbahn-riedlhuette.de\/fwr\/wp-content\/uploads\/loks\/schienenkuli\/schienenkuli_fund2-768x576.jpg 768w, http:\/\/feldbahn-riedlhuette.de\/fwr\/wp-content\/uploads\/loks\/schienenkuli\/schienenkuli_fund2-1536x1152.jpg 1536w, http:\/\/feldbahn-riedlhuette.de\/fwr\/wp-content\/uploads\/loks\/schienenkuli\/schienenkuli_fund2.jpg 1600w\" sizes=\"auto, (max-width: 1024px) 100vw, 1024px\" \/><\/div><div class=\"kadence-blocks-gallery-item__caption\">Er stand lange Zeit drau\u00dfen<\/div><\/div><\/a><\/figure><\/div><\/li><li class=\"kadence-blocks-gallery-item\"><div class=\"kadence-blocks-gallery-item-inner\"><figure class=\"kb-gallery-figure kb-gallery-item-has-link kadence-blocks-gallery-item-has-caption\"><a href=\"http:\/\/feldbahn-riedlhuette.de\/fwr\/wp-content\/uploads\/loks\/schienenkuli\/schienenkuli3.jpg\" data-description=\"F\u00fcr M\u00e4harbeiten ist er n\u00fctzlich...\" class=\"kb-gallery-item-link\"   role=\"button\" aria-haspopup=\"dialog\"><div class=\"kb-gal-image-radius\" style=\"max-width:1024px;\"><div class=\"kb-gallery-image-contain kadence-blocks-gallery-intrinsic\" style=\"padding-bottom:75%;\"><img loading=\"lazy\" decoding=\"async\" src=\"http:\/\/feldbahn-riedlhuette.de\/fwr\/wp-content\/uploads\/loks\/schienenkuli\/schienenkuli3-1024x768.jpg\" width=\"1024\" height=\"768\" alt=\"\" data-full-image=\"http:\/\/feldbahn-riedlhuette.de\/fwr\/wp-content\/uploads\/loks\/schienenkuli\/schienenkuli3.jpg\" data-light-image=\"http:\/\/feldbahn-riedlhuette.de\/fwr\/wp-content\/uploads\/loks\/schienenkuli\/schienenkuli3.jpg\" data-id=\"453\" class=\"wp-image-453\" srcset=\"http:\/\/feldbahn-riedlhuette.de\/fwr\/wp-content\/uploads\/loks\/schienenkuli\/schienenkuli3-1024x768.jpg 1024w, http:\/\/feldbahn-riedlhuette.de\/fwr\/wp-content\/uploads\/loks\/schienenkuli\/schienenkuli3-300x225.jpg 300w, http:\/\/feldbahn-riedlhuette.de\/fwr\/wp-content\/uploads\/loks\/schienenkuli\/schienenkuli3-768x576.jpg 768w, http:\/\/feldbahn-riedlhuette.de\/fwr\/wp-content\/uploads\/loks\/schienenkuli\/schienenkuli3-1536x1152.jpg 1536w, http:\/\/feldbahn-riedlhuette.de\/fwr\/wp-content\/uploads\/loks\/schienenkuli\/schienenkuli3.jpg 1600w\" sizes=\"auto, (max-width: 1024px) 100vw, 1024px\" \/><\/div><div class=\"kadence-blocks-gallery-item__caption\">F\u00fcr M\u00e4harbeiten ist er n\u00fctzlich&#8230;<\/div><\/div><\/a><\/figure><\/div><\/li><li class=\"kadence-blocks-gallery-item\"><div class=\"kadence-blocks-gallery-item-inner\"><figure class=\"kb-gallery-figure kb-gallery-item-has-link kadence-blocks-gallery-item-has-caption\"><a href=\"http:\/\/feldbahn-riedlhuette.de\/fwr\/wp-content\/uploads\/loks\/schienenkuli\/schienenkuli2.jpg\" data-description=\"...und auch als Spa\u00dfmobil\" class=\"kb-gallery-item-link\"   role=\"button\" aria-haspopup=\"dialog\"><div class=\"kb-gal-image-radius\" style=\"max-width:1024px;\"><div class=\"kb-gallery-image-contain kadence-blocks-gallery-intrinsic\" style=\"padding-bottom:75%;\"><img loading=\"lazy\" decoding=\"async\" src=\"http:\/\/feldbahn-riedlhuette.de\/fwr\/wp-content\/uploads\/loks\/schienenkuli\/schienenkuli2-1024x768.jpg\" width=\"1024\" height=\"768\" alt=\"\" data-full-image=\"http:\/\/feldbahn-riedlhuette.de\/fwr\/wp-content\/uploads\/loks\/schienenkuli\/schienenkuli2.jpg\" data-light-image=\"http:\/\/feldbahn-riedlhuette.de\/fwr\/wp-content\/uploads\/loks\/schienenkuli\/schienenkuli2.jpg\" data-id=\"454\" class=\"wp-image-454\" srcset=\"http:\/\/feldbahn-riedlhuette.de\/fwr\/wp-content\/uploads\/loks\/schienenkuli\/schienenkuli2-1024x768.jpg 1024w, http:\/\/feldbahn-riedlhuette.de\/fwr\/wp-content\/uploads\/loks\/schienenkuli\/schienenkuli2-300x225.jpg 300w, http:\/\/feldbahn-riedlhuette.de\/fwr\/wp-content\/uploads\/loks\/schienenkuli\/schienenkuli2-768x576.jpg 768w, http:\/\/feldbahn-riedlhuette.de\/fwr\/wp-content\/uploads\/loks\/schienenkuli\/schienenkuli2-1536x1152.jpg 1536w, http:\/\/feldbahn-riedlhuette.de\/fwr\/wp-content\/uploads\/loks\/schienenkuli\/schienenkuli2.jpg 1600w\" sizes=\"auto, (max-width: 1024px) 100vw, 1024px\" \/><\/div><div class=\"kadence-blocks-gallery-item__caption\">&#8230;und auch als Spa\u00dfmobil<\/div><\/div><\/a><\/figure><\/div><\/li><li class=\"kadence-blocks-gallery-item\"><div class=\"kadence-blocks-gallery-item-inner\"><figure class=\"kb-gallery-figure kb-gallery-item-has-link kadence-blocks-gallery-item-has-caption\"><a href=\"http:\/\/feldbahn-riedlhuette.de\/fwr\/wp-content\/uploads\/2023\/09\/DSC06966_komprimiert-1.jpg\" data-description=\"Der Schienenkuli vor einem Personenzug\" class=\"kb-gallery-item-link\"   role=\"button\" aria-haspopup=\"dialog\"><div class=\"kb-gal-image-radius\" style=\"max-width:800px;\"><div class=\"kb-gallery-image-contain kadence-blocks-gallery-intrinsic\" style=\"padding-bottom:66%;\"><img loading=\"lazy\" decoding=\"async\" src=\"http:\/\/feldbahn-riedlhuette.de\/fwr\/wp-content\/uploads\/2023\/09\/DSC06966_komprimiert-1-1024x680.jpg\" width=\"800\" height=\"531\" alt=\"\" data-full-image=\"http:\/\/feldbahn-riedlhuette.de\/fwr\/wp-content\/uploads\/2023\/09\/DSC06966_komprimiert-1.jpg\" data-light-image=\"http:\/\/feldbahn-riedlhuette.de\/fwr\/wp-content\/uploads\/2023\/09\/DSC06966_komprimiert-1.jpg\" data-id=\"759\" class=\"wp-image-759\" srcset=\"http:\/\/feldbahn-riedlhuette.de\/fwr\/wp-content\/uploads\/2023\/09\/DSC06966_komprimiert-1-1024x680.jpg 1024w, http:\/\/feldbahn-riedlhuette.de\/fwr\/wp-content\/uploads\/2023\/09\/DSC06966_komprimiert-1-300x199.jpg 300w, http:\/\/feldbahn-riedlhuette.de\/fwr\/wp-content\/uploads\/2023\/09\/DSC06966_komprimiert-1-768x510.jpg 768w, http:\/\/feldbahn-riedlhuette.de\/fwr\/wp-content\/uploads\/2023\/09\/DSC06966_komprimiert-1-1536x1021.jpg 1536w, http:\/\/feldbahn-riedlhuette.de\/fwr\/wp-content\/uploads\/2023\/09\/DSC06966_komprimiert-1.jpg 2000w\" sizes=\"auto, (max-width: 800px) 100vw, 800px\" \/><\/div><div class=\"kadence-blocks-gallery-item__caption\">Der Schienenkuli vor einem Personenzug<\/div><\/div><\/a><\/figure><\/div><\/li><li class=\"kadence-blocks-gallery-item\"><div class=\"kadence-blocks-gallery-item-inner\"><figure class=\"kb-gallery-figure kb-gallery-item-has-link kadence-blocks-gallery-item-has-caption\"><a href=\"http:\/\/feldbahn-riedlhuette.de\/fwr\/wp-content\/uploads\/2023\/09\/DSC06986_komprimiert-1.jpg\" data-description=\"Beim Umsetzen\" class=\"kb-gallery-item-link\"   role=\"button\" aria-haspopup=\"dialog\"><div class=\"kb-gal-image-radius\" style=\"max-width:800px;\"><div class=\"kb-gallery-image-contain kadence-blocks-gallery-intrinsic\" style=\"padding-bottom:66%;\"><img loading=\"lazy\" decoding=\"async\" src=\"http:\/\/feldbahn-riedlhuette.de\/fwr\/wp-content\/uploads\/2023\/09\/DSC06986_komprimiert-1-1024x680.jpg\" width=\"800\" height=\"531\" alt=\"\" data-full-image=\"http:\/\/feldbahn-riedlhuette.de\/fwr\/wp-content\/uploads\/2023\/09\/DSC06986_komprimiert-1.jpg\" data-light-image=\"http:\/\/feldbahn-riedlhuette.de\/fwr\/wp-content\/uploads\/2023\/09\/DSC06986_komprimiert-1.jpg\" data-id=\"760\" class=\"wp-image-760\" srcset=\"http:\/\/feldbahn-riedlhuette.de\/fwr\/wp-content\/uploads\/2023\/09\/DSC06986_komprimiert-1-1024x680.jpg 1024w, http:\/\/feldbahn-riedlhuette.de\/fwr\/wp-content\/uploads\/2023\/09\/DSC06986_komprimiert-1-300x199.jpg 300w, http:\/\/feldbahn-riedlhuette.de\/fwr\/wp-content\/uploads\/2023\/09\/DSC06986_komprimiert-1-768x510.jpg 768w, http:\/\/feldbahn-riedlhuette.de\/fwr\/wp-content\/uploads\/2023\/09\/DSC06986_komprimiert-1-1536x1021.jpg 1536w, http:\/\/feldbahn-riedlhuette.de\/fwr\/wp-content\/uploads\/2023\/09\/DSC06986_komprimiert-1.jpg 2000w\" sizes=\"auto, (max-width: 800px) 100vw, 800px\" \/><\/div><div class=\"kadence-blocks-gallery-item__caption\">Beim Umsetzen<\/div><\/div><\/a><\/figure><\/div><\/li><\/ul><\/div>\n\n\n<p><\/p>\n\n\n\n<figure class=\"wp-block-embed is-type-video is-provider-youtube wp-block-embed-youtube wp-embed-aspect-16-9 wp-has-aspect-ratio\"><div class=\"wp-block-embed__wrapper\">\n<iframe loading=\"lazy\" title=\"Schienenkuli on the rail again! Feldbahn Riedlh\u00fctte am 03.09.2023\" width=\"800\" height=\"450\" src=\"https:\/\/www.youtube.com\/embed\/938qhNfVAvc?feature=oembed\" frameborder=\"0\" allow=\"accelerometer; autoplay; clipboard-write; encrypted-media; gyroscope; picture-in-picture; web-share\" allowfullscreen><\/iframe>\n<\/div><\/figure>\n","protected":false},"excerpt":{"rendered":"<p>Lok Nr. 12 ist betriebsbereit. Technische Daten Geschichte 1963 Bauunternehmen Ulrich Kraus, L\u00fctzelburg\/Biberach19?? Lechwerke Augsburg-Oberhausen2019 an Daniel Neum\u00fcller Der Schienenkuli<\/p>\n","protected":false},"author":1,"featured_media":0,"parent":0,"menu_order":0,"comment_status":"closed","ping_status":"closed","template":"","meta":{"cybocfi_hide_featured_image":"","footnotes":""},"class_list":["post-447","page","type-page","status-publish","hentry"],"_links":{"self":[{"href":"http:\/\/feldbahn-riedlhuette.de\/fwr\/wp-json\/wp\/v2\/pages\/447","targetHints":{"allow":["GET"]}}],"collection":[{"href":"http:\/\/feldbahn-riedlhuette.de\/fwr\/wp-json\/wp\/v2\/pages"}],"about":[{"href":"http:\/\/feldbahn-riedlhuette.de\/fwr\/wp-json\/wp\/v2\/types\/page"}],"author":[{"embeddable":true,"href":"http:\/\/feldbahn-riedlhuette.de\/fwr\/wp-json\/wp\/v2\/users\/1"}],"replies":[{"embeddable":true,"href":"http:\/\/feldbahn-riedlhuette.de\/fwr\/wp-json\/wp\/v2\/comments?post=447"}],"version-history":[{"count":11,"href":"http:\/\/feldbahn-riedlhuette.de\/fwr\/wp-json\/wp\/v2\/pages\/447\/revisions"}],"predecessor-version":[{"id":784,"href":"http:\/\/feldbahn-riedlhuette.de\/fwr\/wp-json\/wp\/v2\/pages\/447\/revisions\/784"}],"wp:attachment":[{"href":"http:\/\/feldbahn-riedlhuette.de\/fwr\/wp-json\/wp\/v2\/media?parent=447"}],"curies":[{"name":"wp","href":"https:\/\/api.w.org\/{rel}","templated":true}]}}