{"id":15,"date":"2023-06-11T17:14:10","date_gmt":"2023-06-11T15:14:10","guid":{"rendered":"http:\/\/feldbahn-riedlhuette.de\/fwr\/?page_id=15"},"modified":"2025-07-29T11:48:05","modified_gmt":"2025-07-29T09:48:05","slug":"kontakt","status":"publish","type":"page","link":"https:\/\/feldbahn-riedlhuette.de\/fwr\/kontakt\/","title":{"rendered":"Kontakt"},"content":{"rendered":"\n<p>Sie haben Fragen, Anregungen oder Kritik? Her damit, wir freuen uns auf Ihre Nachricht!<\/p>\n\n\n<style>.kb-form input.kadence-blocks-field.verify{opacity:0.0;position:absolute;top:0.0;left:0.0;width:0.0;height:0.0;z-index:-1;}<\/style>\n<div class=\"wp-block-kadence-form kadence-form-15_ced2b0-b1 kb-form-wrap\"><form class=\"kb-form\" action=\"\" method=\"post\"><div class=\"kadence-blocks-form-field kb-field-desk-width-100 kb-input-size-standard\"><label for=\"kb_field_15_ced2b0-b1_0\">Name<span class=\"required\">*<\/span><\/label><input name=\"kb_field_0\" id=\"kb_field_15_ced2b0-b1_0\" data-label=\"Name\" type=\"text\" placeholder=\"\" value=\"\" data-type=\"text\" class=\"kb-field kb-text-style-field kb-text-field kb-field-0\" data-required=\"yes\"\/><\/div><div class=\"kadence-blocks-form-field kb-form-field-1 kb-field-desk-width-100 kb-input-size-standard\"><label for=\"kb_field_15_ced2b0-b1_1\">E-Mail<span class=\"required\">*<\/span><\/label><input name=\"kb_field_1\" id=\"kb_field_15_ced2b0-b1_1\" data-label=\"E-Mail\" type=\"email\" placeholder=\"\" value=\"\" data-type=\"email\" class=\"kb-field kb-text-style-field kb-email-field kb-field-1\" data-required=\"yes\"\/><\/div><div class=\"kadence-blocks-form-field kb-form-field-2 kb-field-desk-width-100 kb-input-size-standard\"><label for=\"kb_field_15_ced2b0-b1_2\">Nachricht<span class=\"required\">*<\/span><\/label><textarea name=\"kb_field_2\" id=\"kb_field_15_ced2b0-b1_2\" data-label=\"Nachricht\" type=\"textarea\" placeholder=\"\" data-type=\"textarea\" class=\"kb-field kb-text-style-field kb-textarea-field kb-field-2\" rows=\"4\" data-required=\"yes\"><\/textarea><\/div><input type=\"hidden\" name=\"_kb_form_id\" value=\"15_ced2b0-b1\"\/><input type=\"hidden\" name=\"_kb_form_post_id\" value=\"15\"\/><input type=\"hidden\" name=\"action\" value=\"kb_process_ajax_submit\"\/><input type=\"hidden\" name=\"recaptcha_response\" class=\"kb_recaptcha_response kb_recaptcha_15_ced2b0-b1\"\/><label class=\"kadence-verify-label\">Email<input class=\"kadence-blocks-field verify\" type=\"text\" name=\"_kb_verify_email\" autocomplete=\"new-password\" aria-hidden=\"true\" placeholder=\"Email\" tabindex=\"-1\" data-1p-ignore=\"true\" data-lpignore=\"true\" \/><\/label><div class=\"kadence-blocks-form-field kb-submit-field kb-field-desk-width-100\"><button class=\"kb-forms-submit button kb-button-size-standard kb-button-width-auto\">Absenden<\/button><\/div><\/form><\/div>\n<noscript><div class=\"kadence-blocks-form-message kadence-blocks-form-warning\">Bitte aktiviere JavaScript in deinem Browser, um dieses Formular fertigzustellen.<\/div><style>.kadence-form-15_ced2b0-b1 .kadence-blocks-form-field.kb-submit-field { display: none; }<\/style><\/noscript>\n\n<style>.kb-google-maps-container15_645def-3c{height:450px;}<\/style><div class=\"kb-google-maps-container kb-google-maps-container15_645def-3c  wp-block-kadence-googlemaps\" data-mapid=\"15_645def3c\"><iframe width=\"100%\" height=\"100%\"\n\t\t\t\t\t\t\tstyle=\"border:0\" loading=\"lazy\"\n\t\t\t\t\t\t\tsrc=\"https:\/\/www.google.com\/maps\/embed\/v1\/place?key=AIzaSyBAM2o7PiQqwk15LC1XRH2e_KJ-jUa7KYk&#038;zoom=17&#038;maptype=roadmap&#038;q=Feldbahn+Riedlh%C3%BCtte\"\n\t\t\t\t\t\t\ttitle=\"Google-Karte f\u00fcr Feldbahn Riedlh\u00fctte\"><\/iframe><\/div><script>function kb_google_map15_645def3c() { let center = { lat: 37.8201, lng: -122.4781}; let map = new google.maps.Map(document.getElementById(\"kb-google-map15_645def3c\"), {\n\t\t\t\t\t    zoom: 17,\n\t\t\t\t\t    center: center,});let marker = new google.maps.Marker({   position: { lat: 37.8201, lng: -122.4781},    map: map,  });}<\/script>\n\n<style>.wp-block-kadence-spacer.kt-block-spacer-15_ebd209-d6 .kt-block-spacer{height:40px;}.wp-block-kadence-spacer.kt-block-spacer-15_ebd209-d6 .kt-divider{border-top-width:1px;height:1px;border-top-color:#eee;width:80%;border-top-style:solid;}<\/style>\n<div class=\"wp-block-kadence-spacer aligncenter kt-block-spacer-15_ebd209-d6\"><div class=\"kt-block-spacer kt-block-spacer-halign-center\"><\/div><\/div>\n\n\n\n<p><strong>Anschrift des Museums:<\/strong><\/p>\n\n\n\n<p class=\"has-text-align-left\">Feld- und Waldbahn Riedlh\u00fctte e. V.<br>Bergstra\u00dfe 8 (Am Festplatz)<br>94566 St. Oswald-Riedlh\u00fctte<\/p>\n\n\n<div class=\"wp-block-image\">\n<figure class=\"alignleft size-full is-resized\"><img loading=\"lazy\" decoding=\"async\" width=\"494\" height=\"37\" src=\"http:\/\/feldbahn-riedlhuette.de\/fwr\/wp-content\/uploads\/2025\/07\/mail_info-1.jpg\" alt=\"\" class=\"wp-image-1345\" style=\"width:267px;height:auto\" srcset=\"https:\/\/feldbahn-riedlhuette.de\/fwr\/wp-content\/uploads\/2025\/07\/mail_info-1.jpg 494w, https:\/\/feldbahn-riedlhuette.de\/fwr\/wp-content\/uploads\/2025\/07\/mail_info-1-300x22.jpg 300w\" sizes=\"auto, (max-width: 494px) 100vw, 494px\" \/><\/figure>\n<\/div>\n\n\n<p><\/p>\n\n\n\n<div style=\"height:0px\" aria-hidden=\"true\" class=\"wp-block-spacer\"><\/div>\n\n\n\n<p>Die <strong>Gesch\u00e4ftsstelle, Kontaktadressen und Telefonnummern<\/strong> der Vorst\u00e4nde und Website-Betreiber finden Sie im <a href=\"http:\/\/feldbahn-riedlhuette.de\/fwr\/impressum\/\">Impressum<\/a>.<\/p>\n\n\n\n<p><\/p>\n","protected":false},"excerpt":{"rendered":"<p>Sie haben Fragen, Anregungen oder Kritik? Her damit, wir freuen uns auf Ihre Nachricht! Anschrift des Museums: Feld- und Waldbahn<\/p>\n","protected":false},"author":1,"featured_media":0,"parent":0,"menu_order":0,"comment_status":"closed","ping_status":"closed","template":"","meta":{"cybocfi_hide_featured_image":"","footnotes":""},"class_list":["post-15","page","type-page","status-publish","hentry"],"_links":{"self":[{"href":"https:\/\/feldbahn-riedlhuette.de\/fwr\/wp-json\/wp\/v2\/pages\/15","targetHints":{"allow":["GET"]}}],"collection":[{"href":"https:\/\/feldbahn-riedlhuette.de\/fwr\/wp-json\/wp\/v2\/pages"}],"about":[{"href":"https:\/\/feldbahn-riedlhuette.de\/fwr\/wp-json\/wp\/v2\/types\/page"}],"author":[{"embeddable":true,"href":"https:\/\/feldbahn-riedlhuette.de\/fwr\/wp-json\/wp\/v2\/users\/1"}],"replies":[{"embeddable":true,"href":"https:\/\/feldbahn-riedlhuette.de\/fwr\/wp-json\/wp\/v2\/comments?post=15"}],"version-history":[{"count":25,"href":"https:\/\/feldbahn-riedlhuette.de\/fwr\/wp-json\/wp\/v2\/pages\/15\/revisions"}],"predecessor-version":[{"id":1351,"href":"https:\/\/feldbahn-riedlhuette.de\/fwr\/wp-json\/wp\/v2\/pages\/15\/revisions\/1351"}],"wp:attachment":[{"href":"https:\/\/feldbahn-riedlhuette.de\/fwr\/wp-json\/wp\/v2\/media?parent=15"}],"curies":[{"name":"wp","href":"https:\/\/api.w.org\/{rel}","templated":true}]}}