{"id":170,"date":"2023-06-12T01:05:38","date_gmt":"2023-06-11T23:05:38","guid":{"rendered":"http:\/\/feldbahn-riedlhuette.de\/fwr\/?page_id=170"},"modified":"2026-03-27T12:27:51","modified_gmt":"2026-03-27T11:27:51","slug":"unterstuetzen","status":"publish","type":"page","link":"https:\/\/feldbahn-riedlhuette.de\/fwr\/unterstuetzen\/","title":{"rendered":"Unterst\u00fctzen"},"content":{"rendered":"<style>.kb-image170_0f5d6e-8b .kb-image-has-overlay:after{opacity:0.3;}<\/style>\n<figure class=\"wp-block-kadence-image kb-image170_0f5d6e-8b size-large\"><img loading=\"lazy\" decoding=\"async\" width=\"1024\" height=\"250\" src=\"http:\/\/feldbahn-riedlhuette.de\/fwr\/wp-content\/uploads\/2026\/03\/fwr_aufgaben-1024x250.jpg\" alt=\"\" class=\"kb-img wp-image-1647\" srcset=\"https:\/\/feldbahn-riedlhuette.de\/fwr\/wp-content\/uploads\/2026\/03\/fwr_aufgaben-1024x250.jpg 1024w, https:\/\/feldbahn-riedlhuette.de\/fwr\/wp-content\/uploads\/2026\/03\/fwr_aufgaben-300x73.jpg 300w, https:\/\/feldbahn-riedlhuette.de\/fwr\/wp-content\/uploads\/2026\/03\/fwr_aufgaben-768x187.jpg 768w, https:\/\/feldbahn-riedlhuette.de\/fwr\/wp-content\/uploads\/2026\/03\/fwr_aufgaben-1536x374.jpg 1536w, https:\/\/feldbahn-riedlhuette.de\/fwr\/wp-content\/uploads\/2026\/03\/fwr_aufgaben-2048x499.jpg 2048w\" sizes=\"auto, (max-width: 1024px) 100vw, 1024px\" \/><\/figure>\n\n\n\n<p>Du willst die Feldbahn, ein historisches Transportmittel, bewahren und hast Lust auf ein famili\u00e4res, engagiertes Team? Dann ist die Feld- und Waldbahn Riedlh\u00fctte genau richtig f\u00fcr dich.<\/p>\n\n\n\n<p>Viele unserer Fahrzeuge entdeckten wir in sehr schlechtem Zustand &#8211; echte Zeitzeugen jahrzehntelangen harten Betriebes. Mit viel Leidenschaft, handwerklichem K\u00f6nnen und unz\u00e4hligen ehrenamtlichen Stunden haben wir diese St\u00fccke zur\u00fcck ins Leben gebracht, um sie der \u00d6ffentlichkeit pr\u00e4sentieren zu k\u00f6nnen. Da die meisten Fahrzeuge 50 bis 85 Jahre alt sind, gibt es oft kaum noch Ersatzteile, vieles muss individuell gefertigt werden.<\/p>\n\n\n\n<p>Diese Arbeit kostet nicht nur Zeit und Energie, sondern auch finanzielle Mittel. Deshalb freuen wir uns \u00fcber jede Form der Unterst\u00fctzung.<\/p>\n\n\n\n<p>Ob du selbst mit anpacken m\u00f6chtest, oder uns finanziell helfen willst: Wir freuen uns, wenn du Teil der Feld- und Waldbahn Riedlh\u00fctte wirst. Komm einfach bei einem unserer Tage der offenen T\u00fcr vorbei und sprich uns an! Kontaktiere uns gern auch per E-Mail oder \u00fcber unser <a href=\"http:\/\/feldbahn-riedlhuette.de\/fwr\/kontakt\/\">Kontaktformular<\/a>.<\/p>\n\n\n\n<p><\/p>\n\n\n\n<p><strong>IBAN des Vereinskontos: DE40 7419 0000 0005 1170 97<br>BIC: GENODEF1DGV<\/strong><\/p>\n\n\n\n<p><\/p>\n","protected":false},"excerpt":{"rendered":"<p>Du willst die Feldbahn, ein historisches Transportmittel, bewahren und hast Lust auf ein famili\u00e4res, engagiertes Team? Dann ist die Feld-<\/p>\n","protected":false},"author":1,"featured_media":0,"parent":0,"menu_order":0,"comment_status":"closed","ping_status":"closed","template":"","meta":{"cybocfi_hide_featured_image":"","footnotes":""},"class_list":["post-170","page","type-page","status-publish","hentry"],"_links":{"self":[{"href":"https:\/\/feldbahn-riedlhuette.de\/fwr\/wp-json\/wp\/v2\/pages\/170","targetHints":{"allow":["GET"]}}],"collection":[{"href":"https:\/\/feldbahn-riedlhuette.de\/fwr\/wp-json\/wp\/v2\/pages"}],"about":[{"href":"https:\/\/feldbahn-riedlhuette.de\/fwr\/wp-json\/wp\/v2\/types\/page"}],"author":[{"embeddable":true,"href":"https:\/\/feldbahn-riedlhuette.de\/fwr\/wp-json\/wp\/v2\/users\/1"}],"replies":[{"embeddable":true,"href":"https:\/\/feldbahn-riedlhuette.de\/fwr\/wp-json\/wp\/v2\/comments?post=170"}],"version-history":[{"count":8,"href":"https:\/\/feldbahn-riedlhuette.de\/fwr\/wp-json\/wp\/v2\/pages\/170\/revisions"}],"predecessor-version":[{"id":1659,"href":"https:\/\/feldbahn-riedlhuette.de\/fwr\/wp-json\/wp\/v2\/pages\/170\/revisions\/1659"}],"wp:attachment":[{"href":"https:\/\/feldbahn-riedlhuette.de\/fwr\/wp-json\/wp\/v2\/media?parent=170"}],"curies":[{"name":"wp","href":"https:\/\/api.w.org\/{rel}","templated":true}]}}