{"id":41,"date":"2023-06-11T17:18:28","date_gmt":"2023-06-11T15:18:28","guid":{"rendered":"http:\/\/feldbahn-riedlhuette.de\/fwr\/?page_id=41"},"modified":"2025-04-28T22:19:51","modified_gmt":"2025-04-28T20:19:51","slug":"das-museum","status":"publish","type":"page","link":"https:\/\/feldbahn-riedlhuette.de\/fwr\/das-museum\/","title":{"rendered":"Das Museum"},"content":{"rendered":"\n<p class=\"has-medium-font-size\"><strong>Preise<\/strong><\/p>\n\n\n\n<p>An einigen Tagen im Jahr k\u00f6nnen Sie unser Museum besuchen und mit der Feldbahn fahren. Die Termine finden Sie an der rechten Seite unter &#8222;Informationen&#8220;, die Fahrten erfolgen von 10-12 und 14-17 Uhr. Eine F\u00fchrung durch den Lokschuppen ist m\u00f6glich. Der Eintritt und die Fahrten sind an normalen Fahrtagen frei, jedoch freut sich der Verein \u00fcber eine Spende.<\/p>\n\n\n\n<p>Die Fahrpreise beim Glosafest:<\/p>\n\n\n\n<ul class=\"wp-block-list\">\n<li>Kinder unter 4 Jahren: Frei<\/li>\n\n\n\n<li>Kinder und Jugendliche \u00fcber 4 Jahren: 1\u20ac pro Person<\/li>\n\n\n\n<li>Erwachsene: 2\u20ac pro Person<\/li>\n<\/ul>\n\n\n<style>.kb-image41_7935c4-2d.kb-image-is-ratio-size, .kb-image41_7935c4-2d .kb-image-is-ratio-size{max-width:230px;width:100%;}.wp-block-kadence-column > .kt-inside-inner-col > .kb-image41_7935c4-2d.kb-image-is-ratio-size, .wp-block-kadence-column > .kt-inside-inner-col > .kb-image41_7935c4-2d .kb-image-is-ratio-size{align-self:unset;}.kb-image41_7935c4-2d{max-width:230px;}.image-is-svg.kb-image41_7935c4-2d{-webkit-flex:0 1 100%;flex:0 1 100%;}.image-is-svg.kb-image41_7935c4-2d img{width:100%;}.kb-image41_7935c4-2d .kb-image-has-overlay:after{opacity:0.3;}<\/style>\n<figure class=\"wp-block-kadence-image kb-image41_7935c4-2d size-large\"><img decoding=\"async\" src=\"http:\/\/feldbahn-riedlhuette.de\/Fahrplan\/Fahrkarten.png\" alt=\"\" class=\"kb-img\"\/><\/figure>\n\n\n\n<p class=\"has-medium-font-size\"><strong>Das Museumsgel\u00e4nde<\/strong><\/p>\n\n\n\n<p>Der Kern unserer Anlage ist der Lokschuppen. Dieser beherbergt au\u00dfer den Fahrzeugen unsere Werkstatt, Aufenthaltsr\u00e4ume und den Museumsraum mit Ausstellungsst\u00fccken, Modellbau-Dioramen und vielem mehr. Das Geb\u00e4ude hat eine Grundfl\u00e4che von ca. 134 m\u00b2 und ist eine ehemalige Bauleitungsbaracke, die wir 1995 erworben und eingelagert hatten. 2004 wurde mit dem Aufbau in Riedlh\u00fctte begonnen.<\/p>\n\n\n<style>.wp-block-kadence-advancedgallery .kb-gallery-type-masonry.kb-gallery-id-41_5cf15d-a1{margin:-5px;}.kb-gallery-type-masonry.kb-gallery-id-41_5cf15d-a1 .kadence-blocks-gallery-item{padding:5px;}.kb-gallery-id-41_5cf15d-a1 .kadence-blocks-gallery-item .kb-gal-image-radius, .kb-gallery-id-41_5cf15d-a1 .kb-slide-item .kb-gal-image-radius img{border-radius:0px 0px 0px 0px;;}.kb-gallery-caption-style-bottom.kb-gallery-id-41_5cf15d-a1 .kadence-blocks-gallery-item .kadence-blocks-gallery-item-inner .kadence-blocks-gallery-item__caption, .kb-gallery-caption-style-bottom-hover.kb-gallery-id-41_5cf15d-a1 .kadence-blocks-gallery-item .kadence-blocks-gallery-item-inner .kadence-blocks-gallery-item__caption{background:linear-gradient(0deg, rgba(0, 0, 0, 0.8) 0, rgba(0, 0, 0, 0) 100%);}<\/style><div class=\"kb-gallery-wrap-id-41_5cf15d-a1 alignnone wp-block-kadence-advancedgallery\"><ul class=\"kb-gallery-ul kb-gallery-non-static kb-gallery-type-masonry kb-masonry-init kb-gallery-id-41_5cf15d-a1 kb-gallery-caption-style-bottom-hover kb-gallery-filter-none kb-gallery-magnific-init\" data-image-filter=\"none\" data-item-selector=\".kadence-blocks-gallery-item\" data-lightbox-caption=\"true\" data-columns-xxl=\"3\" data-columns-xl=\"3\" data-columns-md=\"3\" data-columns-sm=\"2\" data-columns-xs=\"1\" data-columns-ss=\"1\"><li class=\"kadence-blocks-gallery-item\"><div class=\"kadence-blocks-gallery-item-inner\"><figure class=\"kb-gallery-figure kb-gallery-item-has-link kadence-blocks-gallery-item-has-caption\"><a href=\"http:\/\/feldbahn-riedlhuette.de\/fwr\/wp-content\/uploads\/riedlhuette\/lokschuppen.jpg\" data-description=\"Unser Lokschuppen\" class=\"kb-gallery-item-link\"   role=\"button\" aria-haspopup=\"dialog\"><div class=\"kb-gal-image-radius\" style=\"max-width:1024px;\"><div class=\"kb-gallery-image-contain kadence-blocks-gallery-intrinsic\" style=\"padding-bottom:66%;\"><img loading=\"lazy\" decoding=\"async\" src=\"http:\/\/feldbahn-riedlhuette.de\/fwr\/wp-content\/uploads\/riedlhuette\/lokschuppen-1024x680.jpg\" width=\"1024\" height=\"680\" alt=\"\" data-full-image=\"http:\/\/feldbahn-riedlhuette.de\/fwr\/wp-content\/uploads\/riedlhuette\/lokschuppen.jpg\" data-light-image=\"http:\/\/feldbahn-riedlhuette.de\/fwr\/wp-content\/uploads\/riedlhuette\/lokschuppen.jpg\" data-id=\"310\" class=\"wp-image-310\" srcset=\"https:\/\/feldbahn-riedlhuette.de\/fwr\/wp-content\/uploads\/riedlhuette\/lokschuppen-1024x680.jpg 1024w, https:\/\/feldbahn-riedlhuette.de\/fwr\/wp-content\/uploads\/riedlhuette\/lokschuppen-300x199.jpg 300w, https:\/\/feldbahn-riedlhuette.de\/fwr\/wp-content\/uploads\/riedlhuette\/lokschuppen-768x510.jpg 768w, https:\/\/feldbahn-riedlhuette.de\/fwr\/wp-content\/uploads\/riedlhuette\/lokschuppen-1536x1021.jpg 1536w, https:\/\/feldbahn-riedlhuette.de\/fwr\/wp-content\/uploads\/riedlhuette\/lokschuppen.jpg 2000w\" sizes=\"auto, (max-width: 1024px) 100vw, 1024px\" \/><\/div><div class=\"kadence-blocks-gallery-item__caption\">Unser Lokschuppen<\/div><\/div><\/a><\/figure><\/div><\/li><li class=\"kadence-blocks-gallery-item\"><div class=\"kadence-blocks-gallery-item-inner\"><figure class=\"kb-gallery-figure kb-gallery-item-has-link kadence-blocks-gallery-item-has-caption\"><a href=\"http:\/\/feldbahn-riedlhuette.de\/fwr\/wp-content\/uploads\/riedlhuette\/lokschuppen2.jpg\" data-description=\"Unser Gel\u00e4nde heute\" class=\"kb-gallery-item-link\"   role=\"button\" aria-haspopup=\"dialog\"><div class=\"kb-gal-image-radius\" style=\"max-width:1024px;\"><div class=\"kb-gallery-image-contain kadence-blocks-gallery-intrinsic\" style=\"padding-bottom:66%;\"><img loading=\"lazy\" decoding=\"async\" src=\"http:\/\/feldbahn-riedlhuette.de\/fwr\/wp-content\/uploads\/riedlhuette\/lokschuppen2-1024x680.jpg\" width=\"1024\" height=\"680\" alt=\"\" data-full-image=\"http:\/\/feldbahn-riedlhuette.de\/fwr\/wp-content\/uploads\/riedlhuette\/lokschuppen2.jpg\" data-light-image=\"http:\/\/feldbahn-riedlhuette.de\/fwr\/wp-content\/uploads\/riedlhuette\/lokschuppen2.jpg\" data-id=\"312\" class=\"wp-image-312\" srcset=\"https:\/\/feldbahn-riedlhuette.de\/fwr\/wp-content\/uploads\/riedlhuette\/lokschuppen2-1024x680.jpg 1024w, https:\/\/feldbahn-riedlhuette.de\/fwr\/wp-content\/uploads\/riedlhuette\/lokschuppen2-300x199.jpg 300w, https:\/\/feldbahn-riedlhuette.de\/fwr\/wp-content\/uploads\/riedlhuette\/lokschuppen2-768x510.jpg 768w, https:\/\/feldbahn-riedlhuette.de\/fwr\/wp-content\/uploads\/riedlhuette\/lokschuppen2-1536x1021.jpg 1536w, https:\/\/feldbahn-riedlhuette.de\/fwr\/wp-content\/uploads\/riedlhuette\/lokschuppen2.jpg 2000w\" sizes=\"auto, (max-width: 1024px) 100vw, 1024px\" \/><\/div><div class=\"kadence-blocks-gallery-item__caption\">Unser Gel\u00e4nde heute<\/div><\/div><\/a><\/figure><\/div><\/li><li class=\"kadence-blocks-gallery-item\"><div class=\"kadence-blocks-gallery-item-inner\"><figure class=\"kb-gallery-figure kb-gallery-item-has-link kadence-blocks-gallery-item-has-caption\"><a href=\"http:\/\/feldbahn-riedlhuette.de\/fwr\/wp-content\/uploads\/riedlhuette\/museumsraum.jpg\" data-description=\"Ein Teil des Museumraums\" class=\"kb-gallery-item-link\"   role=\"button\" aria-haspopup=\"dialog\"><div class=\"kb-gal-image-radius\" style=\"max-width:1024px;\"><div class=\"kb-gallery-image-contain kadence-blocks-gallery-intrinsic\" style=\"padding-bottom:66%;\"><img loading=\"lazy\" decoding=\"async\" src=\"http:\/\/feldbahn-riedlhuette.de\/fwr\/wp-content\/uploads\/riedlhuette\/museumsraum-1024x680.jpg\" width=\"1024\" height=\"680\" alt=\"\" data-full-image=\"http:\/\/feldbahn-riedlhuette.de\/fwr\/wp-content\/uploads\/riedlhuette\/museumsraum.jpg\" data-light-image=\"http:\/\/feldbahn-riedlhuette.de\/fwr\/wp-content\/uploads\/riedlhuette\/museumsraum.jpg\" data-id=\"313\" class=\"wp-image-313\" srcset=\"https:\/\/feldbahn-riedlhuette.de\/fwr\/wp-content\/uploads\/riedlhuette\/museumsraum-1024x680.jpg 1024w, https:\/\/feldbahn-riedlhuette.de\/fwr\/wp-content\/uploads\/riedlhuette\/museumsraum-300x199.jpg 300w, https:\/\/feldbahn-riedlhuette.de\/fwr\/wp-content\/uploads\/riedlhuette\/museumsraum-768x510.jpg 768w, https:\/\/feldbahn-riedlhuette.de\/fwr\/wp-content\/uploads\/riedlhuette\/museumsraum-1536x1021.jpg 1536w, https:\/\/feldbahn-riedlhuette.de\/fwr\/wp-content\/uploads\/riedlhuette\/museumsraum.jpg 2000w\" sizes=\"auto, (max-width: 1024px) 100vw, 1024px\" \/><\/div><div class=\"kadence-blocks-gallery-item__caption\">Ein Teil des Museumraums<\/div><\/div><\/a><\/figure><\/div><\/li><\/ul><\/div>\n\n\n<p><\/p>\n\n\n\n<p>Vor und im Lokschuppen befinden sich drei Gleise zum Abstellen von Loks und Waggons. Auf der gegen\u00fcberliegenden Seite wird aktuell eine weitere Abstellanlage errichtet. F\u00fcr den Personenverkehr befinden sich an der L\u00e4ngsseite zwei Bahnsteige mit Sitzm\u00f6glichkeit. Mehr zu unserer Strecke <a href=\"http:\/\/feldbahn-riedlhuette.de\/fwr\/die-strecke\/\">hier<\/a>.<\/p>\n","protected":false},"excerpt":{"rendered":"<p>Preise An einigen Tagen im Jahr k\u00f6nnen Sie unser Museum besuchen und mit der Feldbahn fahren. Die Termine finden Sie<\/p>\n","protected":false},"author":1,"featured_media":0,"parent":0,"menu_order":0,"comment_status":"closed","ping_status":"closed","template":"","meta":{"cybocfi_hide_featured_image":"","footnotes":""},"class_list":["post-41","page","type-page","status-publish","hentry"],"_links":{"self":[{"href":"https:\/\/feldbahn-riedlhuette.de\/fwr\/wp-json\/wp\/v2\/pages\/41","targetHints":{"allow":["GET"]}}],"collection":[{"href":"https:\/\/feldbahn-riedlhuette.de\/fwr\/wp-json\/wp\/v2\/pages"}],"about":[{"href":"https:\/\/feldbahn-riedlhuette.de\/fwr\/wp-json\/wp\/v2\/types\/page"}],"author":[{"embeddable":true,"href":"https:\/\/feldbahn-riedlhuette.de\/fwr\/wp-json\/wp\/v2\/users\/1"}],"replies":[{"embeddable":true,"href":"https:\/\/feldbahn-riedlhuette.de\/fwr\/wp-json\/wp\/v2\/comments?post=41"}],"version-history":[{"count":11,"href":"https:\/\/feldbahn-riedlhuette.de\/fwr\/wp-json\/wp\/v2\/pages\/41\/revisions"}],"predecessor-version":[{"id":1243,"href":"https:\/\/feldbahn-riedlhuette.de\/fwr\/wp-json\/wp\/v2\/pages\/41\/revisions\/1243"}],"wp:attachment":[{"href":"https:\/\/feldbahn-riedlhuette.de\/fwr\/wp-json\/wp\/v2\/media?parent=41"}],"curies":[{"name":"wp","href":"https:\/\/api.w.org\/{rel}","templated":true}]}}