{"id":45,"date":"2023-06-11T17:18:28","date_gmt":"2023-06-11T15:18:28","guid":{"rendered":"http:\/\/feldbahn-riedlhuette.de\/fwr\/?page_id=45"},"modified":"2023-10-05T16:42:48","modified_gmt":"2023-10-05T14:42:48","slug":"die-strecke","status":"publish","type":"page","link":"https:\/\/feldbahn-riedlhuette.de\/fwr\/die-strecke\/","title":{"rendered":"Die Strecke"},"content":{"rendered":"<style>.wp-block-kadence-advancedgallery .kb-gallery-type-masonry.kb-gallery-id-45_0b7f34-28{margin:-5px;}.kb-gallery-type-masonry.kb-gallery-id-45_0b7f34-28 .kadence-blocks-gallery-item{padding:5px;}.kb-gallery-id-45_0b7f34-28 .kadence-blocks-gallery-item .kb-gal-image-radius, .kb-gallery-id-45_0b7f34-28 .kb-slide-item .kb-gal-image-radius img{border-radius:0px 0px 0px 0px;;}.wp-block-kadence-advancedgallery.kb-gallery-wrap-id-45_0b7f34-28{overflow:visible;}.kb-gallery-id-45_0b7f34-28 .kadence-blocks-gallery-item .kb-gal-image-radius, .kb-gallery-id-45_0b7f34-28 .kadence-blocks-gallery-thumb-item .kb-gal-image-radius{box-shadow:4px 2px 14px 0px rgba(0, 0, 0, 0.2);}.kb-gallery-id-45_0b7f34-28 .kadence-blocks-gallery-item:hover .kb-gal-image-radius, .kb-gallery-id-45_0b7f34-28 .kadence-blocks-gallery-thumb-item:hover .kb-gal-image-radius{box-shadow:4px 2px 14px 0px rgba(0, 0, 0, 0.2);}<\/style><div class=\"kb-gallery-wrap-id-45_0b7f34-28 alignnone wp-block-kadence-advancedgallery\"><ul class=\"kb-gallery-ul kb-gallery-non-static kb-gallery-type-masonry kb-masonry-init kb-gallery-id-45_0b7f34-28 kb-gallery-caption-style-bottom-hover kb-gallery-filter-none kb-gallery-magnific-init\" data-image-filter=\"none\" data-item-selector=\".kadence-blocks-gallery-item\" data-lightbox-caption=\"false\" data-columns-xxl=\"1\" data-columns-xl=\"1\" data-columns-md=\"1\" data-columns-sm=\"1\" data-columns-xs=\"1\" data-columns-ss=\"1\"><li class=\"kadence-blocks-gallery-item\"><div class=\"kadence-blocks-gallery-item-inner\"><figure class=\"kb-gallery-figure kb-gallery-item-has-link kadence-blocks-gallery-item-hide-caption\"><a href=\"http:\/\/feldbahn-riedlhuette.de\/fwr\/wp-content\/uploads\/general\/plan_Neu-1.jpg\" class=\"kb-gallery-item-link\"   role=\"button\" aria-haspopup=\"dialog\"><div class=\"kb-gal-image-radius\" style=\"max-width:1024px;\"><div class=\"kb-gallery-image-contain kadence-blocks-gallery-intrinsic\" style=\"padding-bottom:39%;\"><img loading=\"lazy\" decoding=\"async\" src=\"http:\/\/feldbahn-riedlhuette.de\/fwr\/wp-content\/uploads\/general\/plan_Neu-1-1024x406.jpg\" width=\"1024\" height=\"406\" alt=\"\" data-full-image=\"http:\/\/feldbahn-riedlhuette.de\/fwr\/wp-content\/uploads\/general\/plan_Neu-1.jpg\" data-light-image=\"http:\/\/feldbahn-riedlhuette.de\/fwr\/wp-content\/uploads\/general\/plan_Neu-1.jpg\" data-id=\"273\" class=\"wp-image-273\" srcset=\"https:\/\/feldbahn-riedlhuette.de\/fwr\/wp-content\/uploads\/general\/plan_Neu-1-1024x406.jpg 1024w, https:\/\/feldbahn-riedlhuette.de\/fwr\/wp-content\/uploads\/general\/plan_Neu-1-300x119.jpg 300w, https:\/\/feldbahn-riedlhuette.de\/fwr\/wp-content\/uploads\/general\/plan_Neu-1-768x304.jpg 768w, https:\/\/feldbahn-riedlhuette.de\/fwr\/wp-content\/uploads\/general\/plan_Neu-1-1536x608.jpg 1536w, https:\/\/feldbahn-riedlhuette.de\/fwr\/wp-content\/uploads\/general\/plan_Neu-1-2048x811.jpg 2048w\" sizes=\"auto, (max-width: 1024px) 100vw, 1024px\" \/><\/div><\/div><\/a><\/figure><\/div><\/li><\/ul><\/div>\n\n\n<p><\/p>\n\n\n\n<p>Unsere Strecke in der Spurweite 600 mm beginnt direkt an der Kreisstra\u00dfe zwischen Riedlh\u00fctte und Reichenberg. Dort ist in der N\u00e4he der Ohebr\u00fccke am Feuerwehrhaus eine Kehrschleife mit Abstellgleis. Von dort f\u00fchrt die Strecke entlang der Sportpl\u00e4tze bis zum Festplatz. Hier befindet sich der Bhf. Riedlh\u00fctte (Waldbahn) mit unserem Lokschuppen und Depot. Am Bahnhof wurde eine Ausweiche errichtet, au\u00dferdem gibt es dort Abstellanlagen f\u00fcr unsere Fahrzeuge. Vom Bahnhof aus f\u00fchrt die Strecke entlang der Ohe weiter in Richtung Badeweiher. Dort gibt es einen Bedarfshaltepunkt von dem es weiter bis zum Bhf. Krummwiese geht. Dieser befindet sich kurz vor einem Waldst\u00fcck.<\/p>\n\n\n\n<p><\/p>\n\n\n<style>.wp-block-kadence-advancedgallery .kb-gallery-type-masonry.kb-gallery-id-45_754a2d-28{margin:-5px;}.kb-gallery-type-masonry.kb-gallery-id-45_754a2d-28 .kadence-blocks-gallery-item{padding:5px;}.kb-gallery-id-45_754a2d-28 .kadence-blocks-gallery-item .kb-gal-image-radius, .kb-gallery-id-45_754a2d-28 .kb-slide-item .kb-gal-image-radius img{border-radius:0px 0px 0px 0px;;}.kb-gallery-caption-style-bottom.kb-gallery-id-45_754a2d-28 .kadence-blocks-gallery-item .kadence-blocks-gallery-item-inner .kadence-blocks-gallery-item__caption, .kb-gallery-caption-style-bottom-hover.kb-gallery-id-45_754a2d-28 .kadence-blocks-gallery-item .kadence-blocks-gallery-item-inner .kadence-blocks-gallery-item__caption{background:linear-gradient(0deg, rgba(0, 0, 0, 0.8) 0, rgba(0, 0, 0, 0) 100%);}<\/style><div class=\"kb-gallery-wrap-id-45_754a2d-28 alignnone wp-block-kadence-advancedgallery\"><ul class=\"kb-gallery-ul kb-gallery-non-static kb-gallery-type-masonry kb-masonry-init kb-gallery-id-45_754a2d-28 kb-gallery-caption-style-bottom-hover kb-gallery-filter-none kb-gallery-magnific-init\" data-image-filter=\"none\" data-item-selector=\".kadence-blocks-gallery-item\" data-lightbox-caption=\"true\" data-columns-xxl=\"2\" data-columns-xl=\"2\" data-columns-md=\"2\" data-columns-sm=\"2\" data-columns-xs=\"1\" data-columns-ss=\"1\"><li class=\"kadence-blocks-gallery-item\"><div class=\"kadence-blocks-gallery-item-inner\"><figure class=\"kb-gallery-figure kb-gallery-item-has-link kadence-blocks-gallery-item-has-caption\"><a href=\"http:\/\/feldbahn-riedlhuette.de\/fwr\/wp-content\/uploads\/2023\/10\/kehrschleife_komprimiert.jpg\" data-description=\"Die Kehrschleife (&quot;Bhf. Ohebr\u00fccke&quot;)\" class=\"kb-gallery-item-link\"   role=\"button\" aria-haspopup=\"dialog\"><div class=\"kb-gal-image-radius\" style=\"max-width:800px;\"><div class=\"kb-gallery-image-contain kadence-blocks-gallery-intrinsic\" style=\"padding-bottom:66%;\"><img loading=\"lazy\" decoding=\"async\" src=\"http:\/\/feldbahn-riedlhuette.de\/fwr\/wp-content\/uploads\/2023\/10\/kehrschleife_komprimiert-1024x680.jpg\" width=\"800\" height=\"531\" alt=\"\" data-full-image=\"http:\/\/feldbahn-riedlhuette.de\/fwr\/wp-content\/uploads\/2023\/10\/kehrschleife_komprimiert.jpg\" data-light-image=\"http:\/\/feldbahn-riedlhuette.de\/fwr\/wp-content\/uploads\/2023\/10\/kehrschleife_komprimiert.jpg\" data-id=\"896\" class=\"wp-image-896\" srcset=\"https:\/\/feldbahn-riedlhuette.de\/fwr\/wp-content\/uploads\/2023\/10\/kehrschleife_komprimiert-1024x680.jpg 1024w, https:\/\/feldbahn-riedlhuette.de\/fwr\/wp-content\/uploads\/2023\/10\/kehrschleife_komprimiert-300x199.jpg 300w, https:\/\/feldbahn-riedlhuette.de\/fwr\/wp-content\/uploads\/2023\/10\/kehrschleife_komprimiert-768x510.jpg 768w, https:\/\/feldbahn-riedlhuette.de\/fwr\/wp-content\/uploads\/2023\/10\/kehrschleife_komprimiert-1536x1021.jpg 1536w, https:\/\/feldbahn-riedlhuette.de\/fwr\/wp-content\/uploads\/2023\/10\/kehrschleife_komprimiert.jpg 2000w\" sizes=\"auto, (max-width: 800px) 100vw, 800px\" \/><\/div><div class=\"kadence-blocks-gallery-item__caption\">Die Kehrschleife (&#8222;Bhf. Ohebr\u00fccke&#8220;)<\/div><\/div><\/a><\/figure><\/div><\/li><li class=\"kadence-blocks-gallery-item\"><div class=\"kadence-blocks-gallery-item-inner\"><figure class=\"kb-gallery-figure kb-gallery-item-has-link kadence-blocks-gallery-item-has-caption\"><a href=\"http:\/\/feldbahn-riedlhuette.de\/fwr\/wp-content\/uploads\/2023\/10\/lokschuppen.jpg\" data-description=\"Unser Bahnhof mit Lokschuppen\" class=\"kb-gallery-item-link\"   role=\"button\" aria-haspopup=\"dialog\"><div class=\"kb-gal-image-radius\" style=\"max-width:800px;\"><div class=\"kb-gallery-image-contain kadence-blocks-gallery-intrinsic\" style=\"padding-bottom:66%;\"><img loading=\"lazy\" decoding=\"async\" src=\"http:\/\/feldbahn-riedlhuette.de\/fwr\/wp-content\/uploads\/2023\/10\/lokschuppen-1024x680.jpg\" width=\"800\" height=\"531\" alt=\"\" data-full-image=\"http:\/\/feldbahn-riedlhuette.de\/fwr\/wp-content\/uploads\/2023\/10\/lokschuppen.jpg\" data-light-image=\"http:\/\/feldbahn-riedlhuette.de\/fwr\/wp-content\/uploads\/2023\/10\/lokschuppen.jpg\" data-id=\"897\" class=\"wp-image-897\" srcset=\"https:\/\/feldbahn-riedlhuette.de\/fwr\/wp-content\/uploads\/2023\/10\/lokschuppen-1024x680.jpg 1024w, https:\/\/feldbahn-riedlhuette.de\/fwr\/wp-content\/uploads\/2023\/10\/lokschuppen-300x199.jpg 300w, https:\/\/feldbahn-riedlhuette.de\/fwr\/wp-content\/uploads\/2023\/10\/lokschuppen-768x510.jpg 768w, https:\/\/feldbahn-riedlhuette.de\/fwr\/wp-content\/uploads\/2023\/10\/lokschuppen-1536x1021.jpg 1536w, https:\/\/feldbahn-riedlhuette.de\/fwr\/wp-content\/uploads\/2023\/10\/lokschuppen.jpg 2000w\" sizes=\"auto, (max-width: 800px) 100vw, 800px\" \/><\/div><div class=\"kadence-blocks-gallery-item__caption\">Unser Bahnhof mit Lokschuppen<\/div><\/div><\/a><\/figure><\/div><\/li><li class=\"kadence-blocks-gallery-item\"><div class=\"kadence-blocks-gallery-item-inner\"><figure class=\"kb-gallery-figure kb-gallery-item-has-link kadence-blocks-gallery-item-has-caption\"><a href=\"http:\/\/feldbahn-riedlhuette.de\/fwr\/wp-content\/uploads\/2023\/10\/oststrecke_komprimiert.jpg\" data-description=\"Richtung Osten geht es durch einen idyllischen Wald\" class=\"kb-gallery-item-link\"   role=\"button\" aria-haspopup=\"dialog\"><div class=\"kb-gal-image-radius\" style=\"max-width:800px;\"><div class=\"kb-gallery-image-contain kadence-blocks-gallery-intrinsic\" style=\"padding-bottom:66%;\"><img loading=\"lazy\" decoding=\"async\" src=\"http:\/\/feldbahn-riedlhuette.de\/fwr\/wp-content\/uploads\/2023\/10\/oststrecke_komprimiert-1024x680.jpg\" width=\"800\" height=\"531\" alt=\"\" data-full-image=\"http:\/\/feldbahn-riedlhuette.de\/fwr\/wp-content\/uploads\/2023\/10\/oststrecke_komprimiert.jpg\" data-light-image=\"http:\/\/feldbahn-riedlhuette.de\/fwr\/wp-content\/uploads\/2023\/10\/oststrecke_komprimiert.jpg\" data-id=\"898\" class=\"wp-image-898\" srcset=\"https:\/\/feldbahn-riedlhuette.de\/fwr\/wp-content\/uploads\/2023\/10\/oststrecke_komprimiert-1024x680.jpg 1024w, https:\/\/feldbahn-riedlhuette.de\/fwr\/wp-content\/uploads\/2023\/10\/oststrecke_komprimiert-300x199.jpg 300w, https:\/\/feldbahn-riedlhuette.de\/fwr\/wp-content\/uploads\/2023\/10\/oststrecke_komprimiert-768x510.jpg 768w, https:\/\/feldbahn-riedlhuette.de\/fwr\/wp-content\/uploads\/2023\/10\/oststrecke_komprimiert-1536x1021.jpg 1536w, https:\/\/feldbahn-riedlhuette.de\/fwr\/wp-content\/uploads\/2023\/10\/oststrecke_komprimiert.jpg 2000w\" sizes=\"auto, (max-width: 800px) 100vw, 800px\" \/><\/div><div class=\"kadence-blocks-gallery-item__caption\">Richtung Osten geht es durch einen idyllischen Wald<\/div><\/div><\/a><\/figure><\/div><\/li><li class=\"kadence-blocks-gallery-item\"><div class=\"kadence-blocks-gallery-item-inner\"><figure class=\"kb-gallery-figure kb-gallery-item-has-link kadence-blocks-gallery-item-has-caption\"><a href=\"http:\/\/feldbahn-riedlhuette.de\/fwr\/wp-content\/uploads\/2023\/10\/umsetzgleis_komprimiert.jpg\" data-description=\"Am Streckenende (&quot;Bhf. Krummwiese&quot;) gibt es ein Umsetzgleis\" class=\"kb-gallery-item-link\"   role=\"button\" aria-haspopup=\"dialog\"><div class=\"kb-gal-image-radius\" style=\"max-width:800px;\"><div class=\"kb-gallery-image-contain kadence-blocks-gallery-intrinsic\" style=\"padding-bottom:66%;\"><img loading=\"lazy\" decoding=\"async\" src=\"http:\/\/feldbahn-riedlhuette.de\/fwr\/wp-content\/uploads\/2023\/10\/umsetzgleis_komprimiert-1024x680.jpg\" width=\"800\" height=\"531\" alt=\"\" data-full-image=\"http:\/\/feldbahn-riedlhuette.de\/fwr\/wp-content\/uploads\/2023\/10\/umsetzgleis_komprimiert.jpg\" data-light-image=\"http:\/\/feldbahn-riedlhuette.de\/fwr\/wp-content\/uploads\/2023\/10\/umsetzgleis_komprimiert.jpg\" data-id=\"899\" class=\"wp-image-899\" srcset=\"https:\/\/feldbahn-riedlhuette.de\/fwr\/wp-content\/uploads\/2023\/10\/umsetzgleis_komprimiert-1024x680.jpg 1024w, https:\/\/feldbahn-riedlhuette.de\/fwr\/wp-content\/uploads\/2023\/10\/umsetzgleis_komprimiert-300x199.jpg 300w, https:\/\/feldbahn-riedlhuette.de\/fwr\/wp-content\/uploads\/2023\/10\/umsetzgleis_komprimiert-768x510.jpg 768w, https:\/\/feldbahn-riedlhuette.de\/fwr\/wp-content\/uploads\/2023\/10\/umsetzgleis_komprimiert-1536x1021.jpg 1536w, https:\/\/feldbahn-riedlhuette.de\/fwr\/wp-content\/uploads\/2023\/10\/umsetzgleis_komprimiert.jpg 2000w\" sizes=\"auto, (max-width: 800px) 100vw, 800px\" \/><\/div><div class=\"kadence-blocks-gallery-item__caption\">Am Streckenende (&#8222;Bhf. Krummwiese&#8220;) gibt es ein Umsetzgleis<\/div><\/div><\/a><\/figure><\/div><\/li><\/ul><\/div>","protected":false},"excerpt":{"rendered":"<p>Unsere Strecke in der Spurweite 600 mm beginnt direkt an der Kreisstra\u00dfe zwischen Riedlh\u00fctte und Reichenberg. Dort ist in der<\/p>\n","protected":false},"author":1,"featured_media":0,"parent":0,"menu_order":0,"comment_status":"closed","ping_status":"closed","template":"","meta":{"cybocfi_hide_featured_image":"","footnotes":""},"class_list":["post-45","page","type-page","status-publish","hentry"],"_links":{"self":[{"href":"https:\/\/feldbahn-riedlhuette.de\/fwr\/wp-json\/wp\/v2\/pages\/45","targetHints":{"allow":["GET"]}}],"collection":[{"href":"https:\/\/feldbahn-riedlhuette.de\/fwr\/wp-json\/wp\/v2\/pages"}],"about":[{"href":"https:\/\/feldbahn-riedlhuette.de\/fwr\/wp-json\/wp\/v2\/types\/page"}],"author":[{"embeddable":true,"href":"https:\/\/feldbahn-riedlhuette.de\/fwr\/wp-json\/wp\/v2\/users\/1"}],"replies":[{"embeddable":true,"href":"https:\/\/feldbahn-riedlhuette.de\/fwr\/wp-json\/wp\/v2\/comments?post=45"}],"version-history":[{"count":9,"href":"https:\/\/feldbahn-riedlhuette.de\/fwr\/wp-json\/wp\/v2\/pages\/45\/revisions"}],"predecessor-version":[{"id":903,"href":"https:\/\/feldbahn-riedlhuette.de\/fwr\/wp-json\/wp\/v2\/pages\/45\/revisions\/903"}],"wp:attachment":[{"href":"https:\/\/feldbahn-riedlhuette.de\/fwr\/wp-json\/wp\/v2\/media?parent=45"}],"curies":[{"name":"wp","href":"https:\/\/api.w.org\/{rel}","templated":true}]}}