{"id":466,"date":"2023-07-05T17:57:18","date_gmt":"2023-07-05T15:57:18","guid":{"rendered":"http:\/\/feldbahn-riedlhuette.de\/fwr\/?page_id=466"},"modified":"2025-04-28T22:18:16","modified_gmt":"2025-04-28T20:18:16","slug":"loren","status":"publish","type":"page","link":"https:\/\/feldbahn-riedlhuette.de\/fwr\/loren\/","title":{"rendered":"Loren"},"content":{"rendered":"\n<p>Wir haben neben Lokomotiven auch einige Loren in unserer Sammlung. Von Kipploren \u00fcber Sitzw\u00e4gen bis hin zu reinen Fahrgestellen ist quasi alles vorhanden.<\/p>\n\n\n\n<div class=\"wp-block-media-text has-media-on-the-right is-stacked-on-mobile\"><div class=\"wp-block-media-text__content\">\n<p class=\"has-medium-font-size\"><strong>Lorenfahrgestell<\/strong><\/p>\n\n\n\n<p>Der Lorenrahmen ist die Basis von vielen Feldbahnw\u00e4gen. Er besteht aus einem gepressten U-Profil mit Puffer und Achsen mit zugeh\u00f6rigen Rollenlagern.<\/p>\n<\/div><figure class=\"wp-block-media-text__media\"><a href=\"http:\/\/feldbahn-riedlhuette.de\/fwr\/wp-content\/uploads\/2023\/09\/lorenfahrgestell-1.jpg\"><img loading=\"lazy\" decoding=\"async\" width=\"1024\" height=\"680\" src=\"http:\/\/feldbahn-riedlhuette.de\/fwr\/wp-content\/uploads\/2023\/09\/lorenfahrgestell-1-1024x680.jpg\" alt=\"\" class=\"wp-image-752 size-full\" srcset=\"https:\/\/feldbahn-riedlhuette.de\/fwr\/wp-content\/uploads\/2023\/09\/lorenfahrgestell-1-1024x680.jpg 1024w, https:\/\/feldbahn-riedlhuette.de\/fwr\/wp-content\/uploads\/2023\/09\/lorenfahrgestell-1-300x199.jpg 300w, https:\/\/feldbahn-riedlhuette.de\/fwr\/wp-content\/uploads\/2023\/09\/lorenfahrgestell-1-768x510.jpg 768w, https:\/\/feldbahn-riedlhuette.de\/fwr\/wp-content\/uploads\/2023\/09\/lorenfahrgestell-1-1536x1021.jpg 1536w, https:\/\/feldbahn-riedlhuette.de\/fwr\/wp-content\/uploads\/2023\/09\/lorenfahrgestell-1.jpg 2000w\" sizes=\"auto, (max-width: 1024px) 100vw, 1024px\" \/><\/a><\/figure><\/div>\n\n\n\n<div class=\"wp-block-media-text is-stacked-on-mobile\"><figure class=\"wp-block-media-text__media\"><a href=\"http:\/\/feldbahn-riedlhuette.de\/fwr\/wp-content\/uploads\/2023\/09\/kipploren-2.jpg\"><img loading=\"lazy\" decoding=\"async\" width=\"1024\" height=\"680\" src=\"http:\/\/feldbahn-riedlhuette.de\/fwr\/wp-content\/uploads\/2023\/09\/kipploren-2-1024x680.jpg\" alt=\"\" class=\"wp-image-751 size-full\" srcset=\"https:\/\/feldbahn-riedlhuette.de\/fwr\/wp-content\/uploads\/2023\/09\/kipploren-2-1024x680.jpg 1024w, https:\/\/feldbahn-riedlhuette.de\/fwr\/wp-content\/uploads\/2023\/09\/kipploren-2-300x199.jpg 300w, https:\/\/feldbahn-riedlhuette.de\/fwr\/wp-content\/uploads\/2023\/09\/kipploren-2-768x510.jpg 768w, https:\/\/feldbahn-riedlhuette.de\/fwr\/wp-content\/uploads\/2023\/09\/kipploren-2-1536x1021.jpg 1536w, https:\/\/feldbahn-riedlhuette.de\/fwr\/wp-content\/uploads\/2023\/09\/kipploren-2.jpg 2000w\" sizes=\"auto, (max-width: 1024px) 100vw, 1024px\" \/><\/a><\/figure><div class=\"wp-block-media-text__content\">\n<p class=\"has-medium-font-size\"><strong>Kipplore<\/strong><\/p>\n\n\n\n<p>Die Kipplore ist die wohl h\u00e4ufigste Form der Feldbahnlore. Sie kann zum Transport von Gestein, Schotter, Kies, Sand, Ton und vielem mehr verwendet werden.<\/p>\n<\/div><\/div>\n\n\n\n<div class=\"wp-block-media-text has-media-on-the-right is-stacked-on-mobile\"><div class=\"wp-block-media-text__content\">\n<p class=\"has-medium-font-size\"><strong>Sitzlore<\/strong><\/p>\n\n\n\n<p>Mit diesen kurzen Sitzloren, gebaut aus normalen Kipplorenrahmen ohne Mulde, bef\u00f6rdern wir Fahrg\u00e4ste \u00fcber unsere Strecke. <\/p>\n<\/div><figure class=\"wp-block-media-text__media\"><a href=\"http:\/\/feldbahn-riedlhuette.de\/fwr\/wp-content\/uploads\/2023\/09\/sitzlore-1.jpg\"><img loading=\"lazy\" decoding=\"async\" width=\"1024\" height=\"680\" src=\"http:\/\/feldbahn-riedlhuette.de\/fwr\/wp-content\/uploads\/2023\/09\/sitzlore-1-1024x680.jpg\" alt=\"\" class=\"wp-image-753 size-full\" srcset=\"https:\/\/feldbahn-riedlhuette.de\/fwr\/wp-content\/uploads\/2023\/09\/sitzlore-1-1024x680.jpg 1024w, https:\/\/feldbahn-riedlhuette.de\/fwr\/wp-content\/uploads\/2023\/09\/sitzlore-1-300x199.jpg 300w, https:\/\/feldbahn-riedlhuette.de\/fwr\/wp-content\/uploads\/2023\/09\/sitzlore-1-768x510.jpg 768w, https:\/\/feldbahn-riedlhuette.de\/fwr\/wp-content\/uploads\/2023\/09\/sitzlore-1-1536x1021.jpg 1536w, https:\/\/feldbahn-riedlhuette.de\/fwr\/wp-content\/uploads\/2023\/09\/sitzlore-1.jpg 2000w\" sizes=\"auto, (max-width: 1024px) 100vw, 1024px\" \/><\/a><\/figure><\/div>\n\n\n\n<div class=\"wp-block-media-text is-stacked-on-mobile\"><figure class=\"wp-block-media-text__media\"><a href=\"http:\/\/feldbahn-riedlhuette.de\/fwr\/wp-content\/uploads\/2023\/09\/berchtesgadener-1.jpg\"><img loading=\"lazy\" decoding=\"async\" width=\"537\" height=\"358\" src=\"http:\/\/feldbahn-riedlhuette.de\/fwr\/wp-content\/uploads\/2023\/09\/berchtesgadener-1.jpg\" alt=\"\" class=\"wp-image-754 size-full\" srcset=\"https:\/\/feldbahn-riedlhuette.de\/fwr\/wp-content\/uploads\/2023\/09\/berchtesgadener-1.jpg 537w, https:\/\/feldbahn-riedlhuette.de\/fwr\/wp-content\/uploads\/2023\/09\/berchtesgadener-1-300x200.jpg 300w\" sizes=\"auto, (max-width: 537px) 100vw, 537px\" \/><\/a><\/figure><div class=\"wp-block-media-text__content\">\n<p class=\"has-medium-font-size\"><strong>Sitzlore (Berchtesgaden)<\/strong><\/p>\n\n\n\n<p>Wir haben neben den kurzen Sitzloren auch zwei St\u00fcck aus dem Salzbergwerk Berchtesgaden. Wir setzen die Wagen j\u00e4hrlich beim Glosafest ein.<\/p>\n<\/div><\/div>\n\n\n\n<div class=\"wp-block-media-text has-media-on-the-right is-stacked-on-mobile\"><div class=\"wp-block-media-text__content\">\n<p class=\"has-medium-font-size\"><strong>Holzlore<\/strong><\/p>\n\n\n\n<p>An der Kehrschleife steht neben einer selbstgebauten Blumenbeet-Lore auch dieser Drehschemelwagen f\u00fcr den Transport von Langholz. \u00c4hnliche W\u00e4gen wurden fr\u00fcher ganz in der N\u00e4he bei der Spiegelauer und Zwieselauer Waldbahn verwendet.<\/p>\n<\/div><figure class=\"wp-block-media-text__media\"><a href=\"http:\/\/feldbahn-riedlhuette.de\/fwr\/wp-content\/uploads\/2023\/09\/holzlore-1.jpg\"><img loading=\"lazy\" decoding=\"async\" width=\"1024\" height=\"680\" src=\"http:\/\/feldbahn-riedlhuette.de\/fwr\/wp-content\/uploads\/2023\/09\/holzlore-1-1024x680.jpg\" alt=\"\" class=\"wp-image-755 size-full\" srcset=\"https:\/\/feldbahn-riedlhuette.de\/fwr\/wp-content\/uploads\/2023\/09\/holzlore-1-1024x680.jpg 1024w, https:\/\/feldbahn-riedlhuette.de\/fwr\/wp-content\/uploads\/2023\/09\/holzlore-1-300x199.jpg 300w, https:\/\/feldbahn-riedlhuette.de\/fwr\/wp-content\/uploads\/2023\/09\/holzlore-1-768x510.jpg 768w, https:\/\/feldbahn-riedlhuette.de\/fwr\/wp-content\/uploads\/2023\/09\/holzlore-1-1536x1021.jpg 1536w, https:\/\/feldbahn-riedlhuette.de\/fwr\/wp-content\/uploads\/2023\/09\/holzlore-1.jpg 2000w\" sizes=\"auto, (max-width: 1024px) 100vw, 1024px\" \/><\/a><\/figure><\/div>\n\n\n\n<p>Auch andere Bauformen wie Ziegel-, M\u00f6rtel-, Stirnwand- oder Flachloren befinden sich in Riedlh\u00fctte. \u00dcberzeugen Sie sich bei einer F\u00fchrung durch unsere Sammlung selbst!<\/p>\n","protected":false},"excerpt":{"rendered":"<p>Wir haben neben Lokomotiven auch einige Loren in unserer Sammlung. Von Kipploren \u00fcber Sitzw\u00e4gen bis hin zu reinen Fahrgestellen ist<\/p>\n","protected":false},"author":1,"featured_media":0,"parent":0,"menu_order":0,"comment_status":"closed","ping_status":"closed","template":"","meta":{"cybocfi_hide_featured_image":"","footnotes":""},"class_list":["post-466","page","type-page","status-publish","hentry"],"_links":{"self":[{"href":"https:\/\/feldbahn-riedlhuette.de\/fwr\/wp-json\/wp\/v2\/pages\/466","targetHints":{"allow":["GET"]}}],"collection":[{"href":"https:\/\/feldbahn-riedlhuette.de\/fwr\/wp-json\/wp\/v2\/pages"}],"about":[{"href":"https:\/\/feldbahn-riedlhuette.de\/fwr\/wp-json\/wp\/v2\/types\/page"}],"author":[{"embeddable":true,"href":"https:\/\/feldbahn-riedlhuette.de\/fwr\/wp-json\/wp\/v2\/users\/1"}],"replies":[{"embeddable":true,"href":"https:\/\/feldbahn-riedlhuette.de\/fwr\/wp-json\/wp\/v2\/comments?post=466"}],"version-history":[{"count":6,"href":"https:\/\/feldbahn-riedlhuette.de\/fwr\/wp-json\/wp\/v2\/pages\/466\/revisions"}],"predecessor-version":[{"id":1242,"href":"https:\/\/feldbahn-riedlhuette.de\/fwr\/wp-json\/wp\/v2\/pages\/466\/revisions\/1242"}],"wp:attachment":[{"href":"https:\/\/feldbahn-riedlhuette.de\/fwr\/wp-json\/wp\/v2\/media?parent=466"}],"curies":[{"name":"wp","href":"https:\/\/api.w.org\/{rel}","templated":true}]}}