{"id":73,"date":"2023-06-11T17:35:19","date_gmt":"2023-06-11T15:35:19","guid":{"rendered":"http:\/\/feldbahn-riedlhuette.de\/fwr\/?page_id=73"},"modified":"2026-03-27T11:00:22","modified_gmt":"2026-03-27T10:00:22","slug":"impressum","status":"publish","type":"page","link":"https:\/\/feldbahn-riedlhuette.de\/fwr\/impressum\/","title":{"rendered":"Impressum"},"content":{"rendered":"\n<p class=\"has-text-align-left\">Die Feld- und Waldbahn Riedlh\u00fctte ist ein Museumsverein zum Erhalt von Feld- und Waldbahnen und ihren Fahrzeugen und wird auf privater Basis ohne kommerzielle Interessen betrieben. Der Verein ist im Vereinsregister des Amtsgerichtes Passau unter VR 200019 eingetragen. Der Verein besitzt eine Betriebsgenehmigung nach dem Bayerischen Eisenbahn- und Seilbahngesetz als Bahn besonderer Bauart (BayESG \/ \u00a742).<\/p>\n\n\n\n<p>Der Verein hat seinen Sitz in 94566 Riedlh\u00fctte, Bergstra\u00dfe 8 (Am Festplatz).<\/p>\n\n\n\n<p><strong>Allgemeine Anfragen bitte an:<\/strong><\/p>\n\n\n<div class=\"wp-block-image\">\n<figure class=\"alignleft size-full is-resized\"><img loading=\"lazy\" decoding=\"async\" width=\"494\" height=\"37\" src=\"http:\/\/feldbahn-riedlhuette.de\/fwr\/wp-content\/uploads\/2025\/07\/mail_info-2.jpg\" alt=\"\" class=\"wp-image-1352\" style=\"width:267px;height:auto\" srcset=\"https:\/\/feldbahn-riedlhuette.de\/fwr\/wp-content\/uploads\/2025\/07\/mail_info-2.jpg 494w, https:\/\/feldbahn-riedlhuette.de\/fwr\/wp-content\/uploads\/2025\/07\/mail_info-2-300x22.jpg 300w\" sizes=\"auto, (max-width: 494px) 100vw, 494px\" \/><\/figure>\n<\/div>\n\n\n<div style=\"height:0px\" aria-hidden=\"true\" class=\"wp-block-spacer\"><\/div>\n\n\n\n<div class=\"wp-block-group is-vertical is-content-justification-left is-layout-flex wp-container-core-group-is-layout-c0ca7d81 wp-block-group-is-layout-flex\"><style>.wp-block-kadence-spacer.kt-block-spacer-73_ac28ba-01 .kt-block-spacer{height:20px;}.wp-block-kadence-spacer.kt-block-spacer-73_ac28ba-01 .kt-divider{border-top-width:1px;height:1px;border-top-color:#eee;width:80%;border-top-style:solid;}<\/style>\n<div class=\"wp-block-kadence-spacer aligncenter kt-block-spacer-73_ac28ba-01\"><div class=\"kt-block-spacer kt-block-spacer-halign-center\"><\/div><\/div>\n\n\n\n<p><strong>Erster Vorstand und Gesch\u00e4ftsstelle<\/strong>:<\/p>\n\n\n\n<figure class=\"wp-block-image size-full is-resized\"><img loading=\"lazy\" decoding=\"async\" width=\"294\" height=\"139\" src=\"http:\/\/feldbahn-riedlhuette.de\/fwr\/wp-content\/uploads\/impressum\/namen-kurt-neu.jpg\" alt=\"\" class=\"wp-image-331\" style=\"width:176px;height:81px\"\/><\/figure>\n\n\n<style>.wp-block-kadence-spacer.kt-block-spacer-73_0aebde-39 .kt-block-spacer{height:20px;}.wp-block-kadence-spacer.kt-block-spacer-73_0aebde-39 .kt-divider{border-top-width:1px;height:1px;border-top-color:#eee;width:80%;border-top-style:solid;}<\/style>\n<div class=\"wp-block-kadence-spacer aligncenter kt-block-spacer-73_0aebde-39\"><div class=\"kt-block-spacer kt-block-spacer-halign-center\"><\/div><\/div>\n\n\n\n<p><strong>Zweiter Vorstand:<\/strong><\/p>\n\n\n\n<figure class=\"wp-block-image size-full is-resized\"><img loading=\"lazy\" decoding=\"async\" width=\"291\" height=\"150\" src=\"http:\/\/feldbahn-riedlhuette.de\/fwr\/wp-content\/uploads\/impressum\/namen-daniel-1.jpg\" alt=\"\" class=\"wp-image-89\" style=\"width:155px;height:80px\"\/><\/figure>\n\n\n<style>.wp-block-kadence-spacer.kt-block-spacer-73_23b267-4d .kt-block-spacer{height:20px;}.wp-block-kadence-spacer.kt-block-spacer-73_23b267-4d .kt-divider{border-top-width:1px;height:1px;border-top-color:#eee;width:80%;border-top-style:solid;}<\/style>\n<div class=\"wp-block-kadence-spacer aligncenter kt-block-spacer-73_23b267-4d\"><div class=\"kt-block-spacer kt-block-spacer-halign-center\"><\/div><\/div>\n\n\n\n<p>Eigent\u00fcmer der Domain www.feldbahn-riedlhuette.de ist die Feld- und Waldbahn Riedlh\u00fctte e.V. in 94566 Riedlh\u00fctte. Die Internetseiten sind bei der 1&amp;1 Internet AG &#8211; 56410 Montabaur gehostet. Verantwortlich f\u00fcr den Inhalt der Internet-Seiten ist der Verein.<\/p>\n\n\n\n<p><\/p>\n\n\n<style>.wp-block-kadence-spacer.kt-block-spacer-73_4bea0d-bd .kt-block-spacer{height:20px;}.wp-block-kadence-spacer.kt-block-spacer-73_4bea0d-bd .kt-divider{border-top-width:1px;height:1px;border-top-color:#eee;width:80%;border-top-style:solid;}<\/style>\n<div class=\"wp-block-kadence-spacer aligncenter kt-block-spacer-73_4bea0d-bd\"><div class=\"kt-block-spacer kt-block-spacer-halign-center\"><\/div><\/div>\n\n\n\n<p><strong>Medienbeauftragter, zust\u00e4ndig f\u00fcr Website, Social Media und Presseberichte:<\/strong><\/p>\n<\/div>\n\n\n<style>.wp-block-kadence-spacer.kt-block-spacer-73_1748a6-80 .kt-block-spacer{height:6px;}.wp-block-kadence-spacer.kt-block-spacer-73_1748a6-80 .kt-divider{border-top-width:1px;height:1px;border-top-color:#eee;width:80%;border-top-style:solid;}<\/style>\n<div class=\"wp-block-kadence-spacer aligncenter kt-block-spacer-73_1748a6-80\"><div class=\"kt-block-spacer kt-block-spacer-halign-center\"><\/div><\/div>\n\n\n<style>.kb-image73_3793c4-ba.kb-image-is-ratio-size, .kb-image73_3793c4-ba .kb-image-is-ratio-size{max-width:238px;width:100%;}.wp-block-kadence-column > .kt-inside-inner-col > .kb-image73_3793c4-ba.kb-image-is-ratio-size, .wp-block-kadence-column > .kt-inside-inner-col > .kb-image73_3793c4-ba .kb-image-is-ratio-size{align-self:unset;}.kb-image73_3793c4-ba{max-width:238px;}.image-is-svg.kb-image73_3793c4-ba{-webkit-flex:0 1 100%;flex:0 1 100%;}.image-is-svg.kb-image73_3793c4-ba img{width:100%;}.kb-image73_3793c4-ba .kb-image-has-overlay:after{opacity:0.3;}<\/style>\n<figure class=\"wp-block-kadence-image kb-image73_3793c4-ba\"><img loading=\"lazy\" decoding=\"async\" width=\"502\" height=\"171\" src=\"http:\/\/feldbahn-riedlhuette.de\/fwr\/wp-content\/uploads\/impressum\/namen-florian-neu.jpg\" alt=\"\" class=\"kb-img wp-image-1654\" srcset=\"https:\/\/feldbahn-riedlhuette.de\/fwr\/wp-content\/uploads\/impressum\/namen-florian-neu.jpg 502w, https:\/\/feldbahn-riedlhuette.de\/fwr\/wp-content\/uploads\/impressum\/namen-florian-neu-300x102.jpg 300w\" sizes=\"auto, (max-width: 502px) 100vw, 502px\" \/><\/figure>\n\n\n<style>.wp-block-kadence-spacer.kt-block-spacer-73_1f62b1-c4 .kt-block-spacer{height:6px;}.wp-block-kadence-spacer.kt-block-spacer-73_1f62b1-c4 .kt-divider{border-top-width:1px;height:1px;border-top-color:#eee;width:80%;border-top-style:solid;}<\/style>\n<div class=\"wp-block-kadence-spacer aligncenter kt-block-spacer-73_1f62b1-c4\"><div class=\"kt-block-spacer kt-block-spacer-halign-center\"><\/div><\/div>\n\n\n\n<p><strong>Zust\u00e4ndig f\u00fcr Website bis 2023:<\/strong><\/p>\n\n\n<style>.kb-image73_ab5663-1e.kb-image-is-ratio-size, .kb-image73_ab5663-1e .kb-image-is-ratio-size{max-width:191px;width:100%;}.wp-block-kadence-column > .kt-inside-inner-col > .kb-image73_ab5663-1e.kb-image-is-ratio-size, .wp-block-kadence-column > .kt-inside-inner-col > .kb-image73_ab5663-1e .kb-image-is-ratio-size{align-self:unset;}.kb-image73_ab5663-1e{max-width:191px;}.image-is-svg.kb-image73_ab5663-1e{-webkit-flex:0 1 100%;flex:0 1 100%;}.image-is-svg.kb-image73_ab5663-1e img{width:100%;}.kb-image73_ab5663-1e .kb-image-has-overlay:after{opacity:0.3;}<\/style>\n<figure class=\"wp-block-kadence-image kb-image73_ab5663-1e size-full\"><img loading=\"lazy\" decoding=\"async\" width=\"397\" height=\"170\" src=\"http:\/\/feldbahn-riedlhuette.de\/fwr\/wp-content\/uploads\/impressum\/namen-winfried.jpg\" alt=\"\" class=\"kb-img wp-image-1632\" srcset=\"https:\/\/feldbahn-riedlhuette.de\/fwr\/wp-content\/uploads\/impressum\/namen-winfried.jpg 397w, https:\/\/feldbahn-riedlhuette.de\/fwr\/wp-content\/uploads\/impressum\/namen-winfried-300x128.jpg 300w\" sizes=\"auto, (max-width: 397px) 100vw, 397px\" \/><\/figure>\n\n\n<style>.wp-block-kadence-spacer.kt-block-spacer-73_5acea6-0b .kt-block-spacer{height:20px;}.wp-block-kadence-spacer.kt-block-spacer-73_5acea6-0b .kt-divider{border-top-width:1px;height:1px;border-top-color:#eee;width:80%;border-top-style:solid;}<\/style>\n<div class=\"wp-block-kadence-spacer aligncenter kt-block-spacer-73_5acea6-0b\"><div class=\"kt-block-spacer kt-block-spacer-halign-center\"><\/div><\/div>\n\n\n\n<p><strong>Stand 26.03.2026<\/strong><\/p>\n\n\n\n<p><\/p>\n","protected":false},"excerpt":{"rendered":"<p>Die Feld- und Waldbahn Riedlh\u00fctte ist ein Museumsverein zum Erhalt von Feld- und Waldbahnen und ihren Fahrzeugen und wird auf<\/p>\n","protected":false},"author":1,"featured_media":0,"parent":0,"menu_order":0,"comment_status":"closed","ping_status":"closed","template":"","meta":{"cybocfi_hide_featured_image":"","footnotes":""},"class_list":["post-73","page","type-page","status-publish","hentry"],"_links":{"self":[{"href":"https:\/\/feldbahn-riedlhuette.de\/fwr\/wp-json\/wp\/v2\/pages\/73","targetHints":{"allow":["GET"]}}],"collection":[{"href":"https:\/\/feldbahn-riedlhuette.de\/fwr\/wp-json\/wp\/v2\/pages"}],"about":[{"href":"https:\/\/feldbahn-riedlhuette.de\/fwr\/wp-json\/wp\/v2\/types\/page"}],"author":[{"embeddable":true,"href":"https:\/\/feldbahn-riedlhuette.de\/fwr\/wp-json\/wp\/v2\/users\/1"}],"replies":[{"embeddable":true,"href":"https:\/\/feldbahn-riedlhuette.de\/fwr\/wp-json\/wp\/v2\/comments?post=73"}],"version-history":[{"count":27,"href":"https:\/\/feldbahn-riedlhuette.de\/fwr\/wp-json\/wp\/v2\/pages\/73\/revisions"}],"predecessor-version":[{"id":1658,"href":"https:\/\/feldbahn-riedlhuette.de\/fwr\/wp-json\/wp\/v2\/pages\/73\/revisions\/1658"}],"wp:attachment":[{"href":"https:\/\/feldbahn-riedlhuette.de\/fwr\/wp-json\/wp\/v2\/media?parent=73"}],"curies":[{"name":"wp","href":"https:\/\/api.w.org\/{rel}","templated":true}]}}